{"id":879,"date":"2022-12-05T16:19:49","date_gmt":"2022-12-05T22:19:49","guid":{"rendered":"https:\/\/calaconsultores.xyz\/?page_id=879"},"modified":"2023-01-02T13:01:51","modified_gmt":"2023-01-02T19:01:51","slug":"servicios-fiscales","status":"publish","type":"page","link":"https:\/\/calaconsultores.xyz\/?page_id=879","title":{"rendered":"Servicios Fiscales"},"content":{"rendered":"\t\t<div data-elementor-type=\"wp-page\" data-elementor-id=\"879\" class=\"elementor elementor-879\" data-elementor-post-type=\"page\">\n\t\t\t\t\t\t\t\t\t<section class=\"elementor-section elementor-top-section elementor-element elementor-element-abb0626 elementor-section-boxed elementor-section-height-default elementor-section-height-default\" data-id=\"abb0626\" data-element_type=\"section\" data-settings=\"{&quot;background_background&quot;:&quot;classic&quot;}\">\n\t\t\t\t\t\t<div class=\"elementor-container elementor-column-gap-default\">\n\t\t\t\t\t<div class=\"elementor-column elementor-col-100 elementor-top-column elementor-element elementor-element-943a048\" data-id=\"943a048\" data-element_type=\"column\">\n\t\t\t<div class=\"elementor-widget-wrap elementor-element-populated\">\n\t\t\t\t\t\t\t\t<div class=\"elementor-element elementor-element-dccc100 elementor-widget elementor-widget-heading\" data-id=\"dccc100\" data-element_type=\"widget\" data-widget_type=\"heading.default\">\n\t\t\t\t<div class=\"elementor-widget-container\">\n\t\t\t<style>\/*! elementor - v3.16.0 - 20-09-2023 *\/\n.elementor-heading-title{padding:0;margin:0;line-height:1}.elementor-widget-heading .elementor-heading-title[class*=elementor-size-]>a{color:inherit;font-size:inherit;line-height:inherit}.elementor-widget-heading .elementor-heading-title.elementor-size-small{font-size:15px}.elementor-widget-heading .elementor-heading-title.elementor-size-medium{font-size:19px}.elementor-widget-heading .elementor-heading-title.elementor-size-large{font-size:29px}.elementor-widget-heading .elementor-heading-title.elementor-size-xl{font-size:39px}.elementor-widget-heading .elementor-heading-title.elementor-size-xxl{font-size:59px}<\/style><h2 class=\"elementor-heading-title elementor-size-default\">Servicios Fiscales<\/h2>\t\t<\/div>\n\t\t\t\t<\/div>\n\t\t\t\t\t<\/div>\n\t\t<\/div>\n\t\t\t\t\t\t\t<\/div>\n\t\t<\/section>\n\t\t\t\t<section class=\"elementor-section elementor-top-section elementor-element elementor-element-ff4be9e elementor-section-boxed elementor-section-height-default elementor-section-height-default\" data-id=\"ff4be9e\" data-element_type=\"section\">\n\t\t\t\t\t\t<div class=\"elementor-container elementor-column-gap-default\">\n\t\t\t\t\t<div class=\"elementor-column elementor-col-66 elementor-top-column elementor-element elementor-element-8987c88\" data-id=\"8987c88\" data-element_type=\"column\">\n\t\t\t<div class=\"elementor-widget-wrap elementor-element-populated\">\n\t\t\t\t\t\t\t\t<div class=\"elementor-element elementor-element-d36f814 elementor-widget elementor-widget-heading\" data-id=\"d36f814\" data-element_type=\"widget\" data-widget_type=\"heading.default\">\n\t\t\t\t<div class=\"elementor-widget-container\">\n\t\t\t<h3 class=\"elementor-heading-title elementor-size-default\">Asesor\u00eda Tributaria<\/h3>\t\t<\/div>\n\t\t\t\t<\/div>\n\t\t\t\t<div class=\"elementor-element elementor-element-d035051 elementor-widget elementor-widget-text-editor\" data-id=\"d035051\" data-element_type=\"widget\" data-widget_type=\"text-editor.default\">\n\t\t\t\t<div class=\"elementor-widget-container\">\n\t\t\t<style>\/*! elementor - v3.16.0 - 20-09-2023 *\/\n.elementor-widget-text-editor.elementor-drop-cap-view-stacked .elementor-drop-cap{background-color:#69727d;color:#fff}.elementor-widget-text-editor.elementor-drop-cap-view-framed .elementor-drop-cap{color:#69727d;border:3px solid;background-color:transparent}.elementor-widget-text-editor:not(.elementor-drop-cap-view-default) .elementor-drop-cap{margin-top:8px}.elementor-widget-text-editor:not(.elementor-drop-cap-view-default) .elementor-drop-cap-letter{width:1em;height:1em}.elementor-widget-text-editor .elementor-drop-cap{float:left;text-align:center;line-height:1;font-size:50px}.elementor-widget-text-editor .elementor-drop-cap-letter{display:inline-block}<\/style>\t\t\t\t<p>Si nuestros clientes necesitan asesor\u00eda y orientaci\u00f3n sobre temas fiscales, tenemos expertos que te podr\u00e1n ayudar a resolver tus dudas, incluso a ofrecerte consejos para tomas de acci\u00f3n, por lo que nuestros clientes tendr\u00e1n siempre el apoyo de un profesional.<\/p>\t\t\t\t\t\t<\/div>\n\t\t\t\t<\/div>\n\t\t\t\t\t<\/div>\n\t\t<\/div>\n\t\t\t\t<div class=\"elementor-column elementor-col-33 elementor-top-column elementor-element elementor-element-39d82e7\" data-id=\"39d82e7\" data-element_type=\"column\">\n\t\t\t<div class=\"elementor-widget-wrap elementor-element-populated\">\n\t\t\t\t\t\t\t\t<div class=\"elementor-element elementor-element-da72766 elementor-widget elementor-widget-image\" data-id=\"da72766\" data-element_type=\"widget\" data-widget_type=\"image.default\">\n\t\t\t\t<div class=\"elementor-widget-container\">\n\t\t\t<style>\/*! elementor - v3.16.0 - 20-09-2023 *\/\n.elementor-widget-image{text-align:center}.elementor-widget-image a{display:inline-block}.elementor-widget-image a img[src$=\".svg\"]{width:48px}.elementor-widget-image img{vertical-align:middle;display:inline-block}<\/style>\t\t\t\t\t\t\t\t\t\t\t\t<img decoding=\"async\" loading=\"lazy\" width=\"612\" height=\"408\" src=\"https:\/\/calaconsultores.xyz\/wp-content\/uploads\/2023\/01\/4025166-removebg-preview.png\" class=\"attachment-large size-large wp-image-991\" alt=\"\" srcset=\"https:\/\/calaconsultores.xyz\/wp-content\/uploads\/2023\/01\/4025166-removebg-preview.png 612w, https:\/\/calaconsultores.xyz\/wp-content\/uploads\/2023\/01\/4025166-removebg-preview-300x200.png 300w\" sizes=\"(max-width: 612px) 100vw, 612px\" \/>\t\t\t\t\t\t\t\t\t\t\t\t\t\t\t<\/div>\n\t\t\t\t<\/div>\n\t\t\t\t\t<\/div>\n\t\t<\/div>\n\t\t\t\t\t\t\t<\/div>\n\t\t<\/section>\n\t\t\t\t<section class=\"elementor-section elementor-top-section elementor-element elementor-element-e4dddf9 elementor-section-boxed elementor-section-height-default elementor-section-height-default\" data-id=\"e4dddf9\" data-element_type=\"section\">\n\t\t\t\t\t\t<div class=\"elementor-container elementor-column-gap-default\">\n\t\t\t\t\t<div class=\"elementor-column elementor-col-66 elementor-top-column elementor-element elementor-element-619395a\" data-id=\"619395a\" data-element_type=\"column\">\n\t\t\t<div class=\"elementor-widget-wrap elementor-element-populated\">\n\t\t\t\t\t\t\t\t<div class=\"elementor-element elementor-element-8f1f461 elementor-widget elementor-widget-heading\" data-id=\"8f1f461\" data-element_type=\"widget\" data-widget_type=\"heading.default\">\n\t\t\t\t<div class=\"elementor-widget-container\">\n\t\t\t<h3 class=\"elementor-heading-title elementor-size-default\">C\u00e1lculo del impuesto<\/h3>\t\t<\/div>\n\t\t\t\t<\/div>\n\t\t\t\t<div class=\"elementor-element elementor-element-027eddd elementor-widget elementor-widget-text-editor\" data-id=\"027eddd\" data-element_type=\"widget\" data-widget_type=\"text-editor.default\">\n\t\t\t\t<div class=\"elementor-widget-container\">\n\t\t\t\t\t\t\t<p>En base a la informaci\u00f3n financiera generada a trav\u00e9s de la contabilidad, podemos realizar el c\u00e1lculo del impuesto conforme al r\u00e9gimen en el que tributan nuestros clientes, siempre utilizando c\u00f3mo base las normas que las establecen, por lo que el cliente podr\u00e1 saber en todo momento, cu\u00e1nto pagar\u00e1.<\/p>\t\t\t\t\t\t<\/div>\n\t\t\t\t<\/div>\n\t\t\t\t\t<\/div>\n\t\t<\/div>\n\t\t\t\t<div class=\"elementor-column elementor-col-33 elementor-top-column elementor-element elementor-element-86176e1\" data-id=\"86176e1\" data-element_type=\"column\">\n\t\t\t<div class=\"elementor-widget-wrap elementor-element-populated\">\n\t\t\t\t\t\t\t\t<div class=\"elementor-element elementor-element-f35860e elementor-widget elementor-widget-image\" data-id=\"f35860e\" data-element_type=\"widget\" data-widget_type=\"image.default\">\n\t\t\t\t<div class=\"elementor-widget-container\">\n\t\t\t\t\t\t\t\t\t\t\t\t\t\t\t<img decoding=\"async\" loading=\"lazy\" width=\"500\" height=\"500\" src=\"https:\/\/calaconsultores.xyz\/wp-content\/uploads\/2022\/12\/634-removebg-preview.png\" class=\"attachment-medium_large size-medium_large wp-image-884\" alt=\"\" srcset=\"https:\/\/calaconsultores.xyz\/wp-content\/uploads\/2022\/12\/634-removebg-preview.png 500w, https:\/\/calaconsultores.xyz\/wp-content\/uploads\/2022\/12\/634-removebg-preview-300x300.png 300w, https:\/\/calaconsultores.xyz\/wp-content\/uploads\/2022\/12\/634-removebg-preview-150x150.png 150w\" sizes=\"(max-width: 500px) 100vw, 500px\" \/>\t\t\t\t\t\t\t\t\t\t\t\t\t\t\t<\/div>\n\t\t\t\t<\/div>\n\t\t\t\t\t<\/div>\n\t\t<\/div>\n\t\t\t\t\t\t\t<\/div>\n\t\t<\/section>\n\t\t\t\t<section class=\"elementor-section elementor-top-section elementor-element elementor-element-09971a6 elementor-section-boxed elementor-section-height-default elementor-section-height-default\" data-id=\"09971a6\" data-element_type=\"section\">\n\t\t\t\t\t\t<div class=\"elementor-container elementor-column-gap-default\">\n\t\t\t\t\t<div class=\"elementor-column elementor-col-66 elementor-top-column elementor-element elementor-element-dd1d417\" data-id=\"dd1d417\" data-element_type=\"column\">\n\t\t\t<div class=\"elementor-widget-wrap elementor-element-populated\">\n\t\t\t\t\t\t\t\t<div class=\"elementor-element elementor-element-e1db386 elementor-widget elementor-widget-heading\" data-id=\"e1db386\" data-element_type=\"widget\" data-widget_type=\"heading.default\">\n\t\t\t\t<div class=\"elementor-widget-container\">\n\t\t\t<h3 class=\"elementor-heading-title elementor-size-default\">Tr\u00e1mites fiscales<\/h3>\t\t<\/div>\n\t\t\t\t<\/div>\n\t\t\t\t<div class=\"elementor-element elementor-element-d9b7a9c elementor-widget elementor-widget-text-editor\" data-id=\"d9b7a9c\" data-element_type=\"widget\" data-widget_type=\"text-editor.default\">\n\t\t\t\t<div class=\"elementor-widget-container\">\n\t\t\t\t\t\t\t<p>La autoridad permite a los contribuyentes realizar distintos tr\u00e1mites, entre algunos tenemos:<\/p>\t\t\t\t\t\t<\/div>\n\t\t\t\t<\/div>\n\t\t\t\t<div class=\"elementor-element elementor-element-2b057f7 elementor-widget elementor-widget-text-editor\" data-id=\"2b057f7\" data-element_type=\"widget\" data-widget_type=\"text-editor.default\">\n\t\t\t\t<div class=\"elementor-widget-container\">\n\t\t\t\t\t\t\t<ul><li>Generaci\u00f3n de citas (Inscripci\u00f3n, generaci\u00f3n de e.firma, cambios de domicilio, actualizaci\u00f3n de actividades y cambios de r\u00e9gimen, etc).<\/li><li>Actualizaci\u00f3n de actividades y cambios de r\u00e9gimen.<\/li><li>Generaci\u00f3n de documentos (Constancia de situaci\u00f3n fiscal, opini\u00f3n de cumplimiento, constancia de inscripci\u00f3n en el RFC, entre otros).<\/li><li>Cambios de domicilio.<\/li><li>Solicitud de verificaci\u00f3n de domicilio.<\/li><li>Devoluciones y compensaciones de impuestos.<\/li><li>Facturaci\u00f3n electr\u00f3nica.<\/li><\/ul>\t\t\t\t\t\t<\/div>\n\t\t\t\t<\/div>\n\t\t\t\t\t<\/div>\n\t\t<\/div>\n\t\t\t\t<div class=\"elementor-column elementor-col-33 elementor-top-column elementor-element elementor-element-b8be970\" data-id=\"b8be970\" data-element_type=\"column\">\n\t\t\t<div class=\"elementor-widget-wrap elementor-element-populated\">\n\t\t\t\t\t\t\t\t<div class=\"elementor-element elementor-element-0ed610d elementor-widget elementor-widget-image\" data-id=\"0ed610d\" data-element_type=\"widget\" data-widget_type=\"image.default\">\n\t\t\t\t<div class=\"elementor-widget-container\">\n\t\t\t\t\t\t\t\t\t\t\t\t\t\t\t<img decoding=\"async\" loading=\"lazy\" width=\"612\" height=\"408\" src=\"https:\/\/calaconsultores.xyz\/wp-content\/uploads\/2022\/12\/Checklist-removebg-preview.png\" class=\"attachment-medium_large size-medium_large wp-image-885\" alt=\"\" srcset=\"https:\/\/calaconsultores.xyz\/wp-content\/uploads\/2022\/12\/Checklist-removebg-preview.png 612w, https:\/\/calaconsultores.xyz\/wp-content\/uploads\/2022\/12\/Checklist-removebg-preview-300x200.png 300w\" sizes=\"(max-width: 612px) 100vw, 612px\" \/>\t\t\t\t\t\t\t\t\t\t\t\t\t\t\t<\/div>\n\t\t\t\t<\/div>\n\t\t\t\t\t<\/div>\n\t\t<\/div>\n\t\t\t\t\t\t\t<\/div>\n\t\t<\/section>\n\t\t\t\t<section class=\"elementor-section elementor-top-section elementor-element elementor-element-1196d69 elementor-section-boxed elementor-section-height-default elementor-section-height-default\" data-id=\"1196d69\" data-element_type=\"section\">\n\t\t\t\t\t\t<div class=\"elementor-container elementor-column-gap-default\">\n\t\t\t\t\t<div class=\"elementor-column elementor-col-66 elementor-top-column elementor-element elementor-element-147913f\" data-id=\"147913f\" data-element_type=\"column\">\n\t\t\t<div class=\"elementor-widget-wrap elementor-element-populated\">\n\t\t\t\t\t\t\t\t<div class=\"elementor-element elementor-element-537dcea elementor-widget elementor-widget-heading\" data-id=\"537dcea\" data-element_type=\"widget\" data-widget_type=\"heading.default\">\n\t\t\t\t<div class=\"elementor-widget-container\">\n\t\t\t<h3 class=\"elementor-heading-title elementor-size-default\">Declaraciones provisionales y anuales<\/h3>\t\t<\/div>\n\t\t\t\t<\/div>\n\t\t\t\t<div class=\"elementor-element elementor-element-d1e7792 elementor-widget elementor-widget-text-editor\" data-id=\"d1e7792\" data-element_type=\"widget\" data-widget_type=\"text-editor.default\">\n\t\t\t\t<div class=\"elementor-widget-container\">\n\t\t\t\t\t\t\t<p>Los clientes al ser contribuyentes del estado, tiene que realizar declaraciones provisionales acorde a un determinado periodo de tiempo, por lo que nuestros profesionales declarar\u00e1n los c\u00e1lculos de impuestos requeridos por la autoridad, satisfaciendo las obligaciones de nuestros clientes.<\/p>\t\t\t\t\t\t<\/div>\n\t\t\t\t<\/div>\n\t\t\t\t\t<\/div>\n\t\t<\/div>\n\t\t\t\t<div class=\"elementor-column elementor-col-33 elementor-top-column elementor-element elementor-element-c18ebe5\" data-id=\"c18ebe5\" data-element_type=\"column\">\n\t\t\t<div class=\"elementor-widget-wrap elementor-element-populated\">\n\t\t\t\t\t\t\t\t<div class=\"elementor-element elementor-element-4772c37 elementor-widget elementor-widget-image\" data-id=\"4772c37\" data-element_type=\"widget\" data-widget_type=\"image.default\">\n\t\t\t\t<div class=\"elementor-widget-container\">\n\t\t\t\t\t\t\t\t\t\t\t\t\t\t\t<img decoding=\"async\" loading=\"lazy\" width=\"500\" height=\"500\" src=\"https:\/\/calaconsultores.xyz\/wp-content\/uploads\/2022\/12\/20945344__1_-removebg-preview.png\" class=\"attachment-medium_large size-medium_large wp-image-886\" alt=\"\" srcset=\"https:\/\/calaconsultores.xyz\/wp-content\/uploads\/2022\/12\/20945344__1_-removebg-preview.png 500w, https:\/\/calaconsultores.xyz\/wp-content\/uploads\/2022\/12\/20945344__1_-removebg-preview-300x300.png 300w, https:\/\/calaconsultores.xyz\/wp-content\/uploads\/2022\/12\/20945344__1_-removebg-preview-150x150.png 150w\" sizes=\"(max-width: 500px) 100vw, 500px\" \/>\t\t\t\t\t\t\t\t\t\t\t\t\t\t\t<\/div>\n\t\t\t\t<\/div>\n\t\t\t\t\t<\/div>\n\t\t<\/div>\n\t\t\t\t\t\t\t<\/div>\n\t\t<\/section>\n\t\t\t\t\t\t\t<\/div>\n\t\t","protected":false},"excerpt":{"rendered":"<p>Servicios Fiscales Asesor\u00eda Tributaria Si nuestros clientes necesitan asesor\u00eda y orientaci\u00f3n sobre temas fiscales, tenemos expertos que te podr\u00e1n ayudar a resolver tus dudas, incluso a ofrecerte consejos para tomas de acci\u00f3n, por lo que nuestros clientes tendr\u00e1n siempre el apoyo de un profesional. C\u00e1lculo del impuesto En base a la informaci\u00f3n financiera generada a &hellip;<\/p>\n<p class=\"read-more\"> <a class=\"\" href=\"https:\/\/calaconsultores.xyz\/?page_id=879\"> <span class=\"screen-reader-text\">Servicios Fiscales<\/span> Leer m\u00e1s &raquo;<\/a><\/p>\n","protected":false},"author":1,"featured_media":0,"parent":0,"menu_order":0,"comment_status":"closed","ping_status":"closed","template":"","meta":{"om_disable_all_campaigns":false,"_mi_skip_tracking":false,"_monsterinsights_sitenote_active":false,"_monsterinsights_sitenote_note":"","_monsterinsights_sitenote_category":0,"site-sidebar-layout":"no-sidebar","site-content-layout":"page-builder","ast-site-content-layout":"","site-content-style":"default","site-sidebar-style":"default","ast-global-header-display":"","ast-banner-title-visibility":"","ast-main-header-display":"","ast-hfb-above-header-display":"","ast-hfb-below-header-display":"","ast-hfb-mobile-header-display":"","site-post-title":"disabled","ast-breadcrumbs-content":"","ast-featured-img":"disabled","footer-sml-layout":"","theme-transparent-header-meta":"","adv-header-id-meta":"","stick-header-meta":"","header-above-stick-meta":"","header-main-stick-meta":"","header-below-stick-meta":"","astra-migrate-meta-layouts":"","footnotes":""},"yoast_head":"<!-- This site is optimized with the Yoast SEO plugin v21.2 - https:\/\/yoast.com\/wordpress\/plugins\/seo\/ -->\n<title>Servicios Fiscales - CALA Consultores<\/title>\n<meta name=\"robots\" content=\"index, follow, max-snippet:-1, max-image-preview:large, max-video-preview:-1\" \/>\n<link rel=\"canonical\" href=\"https:\/\/calaconsultores.xyz\/?page_id=879\" \/>\n<meta property=\"og:locale\" content=\"es_MX\" \/>\n<meta property=\"og:type\" content=\"article\" \/>\n<meta property=\"og:title\" content=\"Servicios Fiscales - CALA Consultores\" \/>\n<meta property=\"og:description\" content=\"Servicios Fiscales Asesor\u00eda Tributaria Si nuestros clientes necesitan asesor\u00eda y orientaci\u00f3n sobre temas fiscales, tenemos expertos que te podr\u00e1n ayudar a resolver tus dudas, incluso a ofrecerte consejos para tomas de acci\u00f3n, por lo que nuestros clientes tendr\u00e1n siempre el apoyo de un profesional. C\u00e1lculo del impuesto En base a la informaci\u00f3n financiera generada a &hellip; Servicios Fiscales Leer m\u00e1s &raquo;\" \/>\n<meta property=\"og:url\" content=\"https:\/\/calaconsultores.xyz\/?page_id=879\" \/>\n<meta property=\"og:site_name\" content=\"CALA Consultores\" \/>\n<meta property=\"article:modified_time\" content=\"2023-01-02T19:01:51+00:00\" \/>\n<meta property=\"og:image\" content=\"https:\/\/calaconsultores.xyz\/wp-content\/uploads\/2023\/01\/4025166-removebg-preview.png\" \/>\n<meta name=\"twitter:card\" content=\"summary_large_image\" \/>\n<meta name=\"twitter:label1\" content=\"Tiempo de lectura\" \/>\n\t<meta name=\"twitter:data1\" content=\"1 minuto\" \/>\n<script type=\"application\/ld+json\" class=\"yoast-schema-graph\">{\"@context\":\"https:\/\/schema.org\",\"@graph\":[{\"@type\":\"WebPage\",\"@id\":\"https:\/\/calaconsultores.xyz\/?page_id=879\",\"url\":\"https:\/\/calaconsultores.xyz\/?page_id=879\",\"name\":\"Servicios Fiscales - CALA Consultores\",\"isPartOf\":{\"@id\":\"https:\/\/calaconsultores.xyz\/#website\"},\"datePublished\":\"2022-12-05T22:19:49+00:00\",\"dateModified\":\"2023-01-02T19:01:51+00:00\",\"breadcrumb\":{\"@id\":\"https:\/\/calaconsultores.xyz\/?page_id=879#breadcrumb\"},\"inLanguage\":\"es-MX\",\"potentialAction\":[{\"@type\":\"ReadAction\",\"target\":[\"https:\/\/calaconsultores.xyz\/?page_id=879\"]}]},{\"@type\":\"BreadcrumbList\",\"@id\":\"https:\/\/calaconsultores.xyz\/?page_id=879#breadcrumb\",\"itemListElement\":[{\"@type\":\"ListItem\",\"position\":1,\"name\":\"Inicio\",\"item\":\"https:\/\/calaconsultores.xyz\/\"},{\"@type\":\"ListItem\",\"position\":2,\"name\":\"Servicios Fiscales\"}]},{\"@type\":\"WebSite\",\"@id\":\"https:\/\/calaconsultores.xyz\/#website\",\"url\":\"https:\/\/calaconsultores.xyz\/\",\"name\":\"CALA Consultores\",\"description\":\"Hacemos las cosas diferentes.\",\"publisher\":{\"@id\":\"https:\/\/calaconsultores.xyz\/#organization\"},\"potentialAction\":[{\"@type\":\"SearchAction\",\"target\":{\"@type\":\"EntryPoint\",\"urlTemplate\":\"https:\/\/calaconsultores.xyz\/?s={search_term_string}\"},\"query-input\":\"required name=search_term_string\"}],\"inLanguage\":\"es-MX\"},{\"@type\":\"Organization\",\"@id\":\"https:\/\/calaconsultores.xyz\/#organization\",\"name\":\"CALA Consultores\",\"url\":\"https:\/\/calaconsultores.xyz\/\",\"logo\":{\"@type\":\"ImageObject\",\"inLanguage\":\"es-MX\",\"@id\":\"https:\/\/calaconsultores.xyz\/#\/schema\/logo\/image\/\",\"url\":\"https:\/\/calaconsultores.xyz\/wp-content\/uploads\/2022\/11\/cropped-cropped-CALA-LOGO-SUPERIOR.png\",\"contentUrl\":\"https:\/\/calaconsultores.xyz\/wp-content\/uploads\/2022\/11\/cropped-cropped-CALA-LOGO-SUPERIOR.png\",\"width\":418,\"height\":166,\"caption\":\"CALA Consultores\"},\"image\":{\"@id\":\"https:\/\/calaconsultores.xyz\/#\/schema\/logo\/image\/\"}}]}<\/script>\n<!-- \/ Yoast SEO plugin. -->","yoast_head_json":{"title":"Servicios Fiscales - CALA Consultores","robots":{"index":"index","follow":"follow","max-snippet":"max-snippet:-1","max-image-preview":"max-image-preview:large","max-video-preview":"max-video-preview:-1"},"canonical":"https:\/\/calaconsultores.xyz\/?page_id=879","og_locale":"es_MX","og_type":"article","og_title":"Servicios Fiscales - CALA Consultores","og_description":"Servicios Fiscales Asesor\u00eda Tributaria Si nuestros clientes necesitan asesor\u00eda y orientaci\u00f3n sobre temas fiscales, tenemos expertos que te podr\u00e1n ayudar a resolver tus dudas, incluso a ofrecerte consejos para tomas de acci\u00f3n, por lo que nuestros clientes tendr\u00e1n siempre el apoyo de un profesional. C\u00e1lculo del impuesto En base a la informaci\u00f3n financiera generada a &hellip; Servicios Fiscales Leer m\u00e1s &raquo;","og_url":"https:\/\/calaconsultores.xyz\/?page_id=879","og_site_name":"CALA Consultores","article_modified_time":"2023-01-02T19:01:51+00:00","og_image":[{"url":"https:\/\/calaconsultores.xyz\/wp-content\/uploads\/2023\/01\/4025166-removebg-preview.png"}],"twitter_card":"summary_large_image","twitter_misc":{"Tiempo de lectura":"1 minuto"},"schema":{"@context":"https:\/\/schema.org","@graph":[{"@type":"WebPage","@id":"https:\/\/calaconsultores.xyz\/?page_id=879","url":"https:\/\/calaconsultores.xyz\/?page_id=879","name":"Servicios Fiscales - CALA Consultores","isPartOf":{"@id":"https:\/\/calaconsultores.xyz\/#website"},"datePublished":"2022-12-05T22:19:49+00:00","dateModified":"2023-01-02T19:01:51+00:00","breadcrumb":{"@id":"https:\/\/calaconsultores.xyz\/?page_id=879#breadcrumb"},"inLanguage":"es-MX","potentialAction":[{"@type":"ReadAction","target":["https:\/\/calaconsultores.xyz\/?page_id=879"]}]},{"@type":"BreadcrumbList","@id":"https:\/\/calaconsultores.xyz\/?page_id=879#breadcrumb","itemListElement":[{"@type":"ListItem","position":1,"name":"Inicio","item":"https:\/\/calaconsultores.xyz\/"},{"@type":"ListItem","position":2,"name":"Servicios Fiscales"}]},{"@type":"WebSite","@id":"https:\/\/calaconsultores.xyz\/#website","url":"https:\/\/calaconsultores.xyz\/","name":"CALA Consultores","description":"Hacemos las cosas diferentes.","publisher":{"@id":"https:\/\/calaconsultores.xyz\/#organization"},"potentialAction":[{"@type":"SearchAction","target":{"@type":"EntryPoint","urlTemplate":"https:\/\/calaconsultores.xyz\/?s={search_term_string}"},"query-input":"required name=search_term_string"}],"inLanguage":"es-MX"},{"@type":"Organization","@id":"https:\/\/calaconsultores.xyz\/#organization","name":"CALA Consultores","url":"https:\/\/calaconsultores.xyz\/","logo":{"@type":"ImageObject","inLanguage":"es-MX","@id":"https:\/\/calaconsultores.xyz\/#\/schema\/logo\/image\/","url":"https:\/\/calaconsultores.xyz\/wp-content\/uploads\/2022\/11\/cropped-cropped-CALA-LOGO-SUPERIOR.png","contentUrl":"https:\/\/calaconsultores.xyz\/wp-content\/uploads\/2022\/11\/cropped-cropped-CALA-LOGO-SUPERIOR.png","width":418,"height":166,"caption":"CALA Consultores"},"image":{"@id":"https:\/\/calaconsultores.xyz\/#\/schema\/logo\/image\/"}}]}},"_links":{"self":[{"href":"https:\/\/calaconsultores.xyz\/index.php?rest_route=\/wp\/v2\/pages\/879"}],"collection":[{"href":"https:\/\/calaconsultores.xyz\/index.php?rest_route=\/wp\/v2\/pages"}],"about":[{"href":"https:\/\/calaconsultores.xyz\/index.php?rest_route=\/wp\/v2\/types\/page"}],"author":[{"embeddable":true,"href":"https:\/\/calaconsultores.xyz\/index.php?rest_route=\/wp\/v2\/users\/1"}],"replies":[{"embeddable":true,"href":"https:\/\/calaconsultores.xyz\/index.php?rest_route=%2Fwp%2Fv2%2Fcomments&post=879"}],"version-history":[{"count":10,"href":"https:\/\/calaconsultores.xyz\/index.php?rest_route=\/wp\/v2\/pages\/879\/revisions"}],"predecessor-version":[{"id":997,"href":"https:\/\/calaconsultores.xyz\/index.php?rest_route=\/wp\/v2\/pages\/879\/revisions\/997"}],"wp:attachment":[{"href":"https:\/\/calaconsultores.xyz\/index.php?rest_route=%2Fwp%2Fv2%2Fmedia&parent=879"}],"curies":[{"name":"wp","href":"https:\/\/api.w.org\/{rel}","templated":true}]}}