{"id":840,"date":"2022-12-02T13:45:00","date_gmt":"2022-12-02T19:45:00","guid":{"rendered":"https:\/\/calaconsultores.xyz\/?page_id=840"},"modified":"2022-12-05T16:01:32","modified_gmt":"2022-12-05T22:01:32","slug":"servicios-contables","status":"publish","type":"page","link":"https:\/\/calaconsultores.xyz\/?page_id=840","title":{"rendered":"Servicios contables"},"content":{"rendered":"\t\t<div data-elementor-type=\"wp-page\" data-elementor-id=\"840\" class=\"elementor elementor-840\" data-elementor-post-type=\"page\">\n\t\t\t\t\t\t\t\t\t<section class=\"elementor-section elementor-top-section elementor-element elementor-element-5b2c396 elementor-section-boxed elementor-section-height-default elementor-section-height-default\" data-id=\"5b2c396\" data-element_type=\"section\" data-settings=\"{&quot;background_background&quot;:&quot;classic&quot;}\">\n\t\t\t\t\t\t<div class=\"elementor-container elementor-column-gap-default\">\n\t\t\t\t\t<div class=\"elementor-column elementor-col-100 elementor-top-column elementor-element elementor-element-cc0d3f8\" data-id=\"cc0d3f8\" data-element_type=\"column\">\n\t\t\t<div class=\"elementor-widget-wrap elementor-element-populated\">\n\t\t\t\t\t\t\t\t<div class=\"elementor-element elementor-element-a88015b elementor-widget elementor-widget-heading\" data-id=\"a88015b\" data-element_type=\"widget\" data-widget_type=\"heading.default\">\n\t\t\t\t<div class=\"elementor-widget-container\">\n\t\t\t<style>\/*! elementor - v3.16.0 - 20-09-2023 *\/\n.elementor-heading-title{padding:0;margin:0;line-height:1}.elementor-widget-heading .elementor-heading-title[class*=elementor-size-]>a{color:inherit;font-size:inherit;line-height:inherit}.elementor-widget-heading .elementor-heading-title.elementor-size-small{font-size:15px}.elementor-widget-heading .elementor-heading-title.elementor-size-medium{font-size:19px}.elementor-widget-heading .elementor-heading-title.elementor-size-large{font-size:29px}.elementor-widget-heading .elementor-heading-title.elementor-size-xl{font-size:39px}.elementor-widget-heading .elementor-heading-title.elementor-size-xxl{font-size:59px}<\/style><h2 class=\"elementor-heading-title elementor-size-default\">servicios contables<\/h2>\t\t<\/div>\n\t\t\t\t<\/div>\n\t\t\t\t\t<\/div>\n\t\t<\/div>\n\t\t\t\t\t\t\t<\/div>\n\t\t<\/section>\n\t\t\t\t<section class=\"elementor-section elementor-top-section elementor-element elementor-element-5611b3a elementor-section-boxed elementor-section-height-default elementor-section-height-default\" data-id=\"5611b3a\" data-element_type=\"section\">\n\t\t\t\t\t\t<div class=\"elementor-container elementor-column-gap-default\">\n\t\t\t\t\t<div class=\"elementor-column elementor-col-66 elementor-top-column elementor-element elementor-element-8cd0c33\" data-id=\"8cd0c33\" data-element_type=\"column\">\n\t\t\t<div class=\"elementor-widget-wrap elementor-element-populated\">\n\t\t\t\t\t\t\t\t<div class=\"elementor-element elementor-element-b106e62 elementor-widget elementor-widget-heading\" data-id=\"b106e62\" data-element_type=\"widget\" data-widget_type=\"heading.default\">\n\t\t\t\t<div class=\"elementor-widget-container\">\n\t\t\t<h3 class=\"elementor-heading-title elementor-size-default\">1. Recibimos tu informaci\u00f3n<\/h3>\t\t<\/div>\n\t\t\t\t<\/div>\n\t\t\t\t<div class=\"elementor-element elementor-element-35eb24c elementor-widget elementor-widget-text-editor\" data-id=\"35eb24c\" data-element_type=\"widget\" data-widget_type=\"text-editor.default\">\n\t\t\t\t<div class=\"elementor-widget-container\">\n\t\t\t<style>\/*! elementor - v3.16.0 - 20-09-2023 *\/\n.elementor-widget-text-editor.elementor-drop-cap-view-stacked .elementor-drop-cap{background-color:#69727d;color:#fff}.elementor-widget-text-editor.elementor-drop-cap-view-framed .elementor-drop-cap{color:#69727d;border:3px solid;background-color:transparent}.elementor-widget-text-editor:not(.elementor-drop-cap-view-default) .elementor-drop-cap{margin-top:8px}.elementor-widget-text-editor:not(.elementor-drop-cap-view-default) .elementor-drop-cap-letter{width:1em;height:1em}.elementor-widget-text-editor .elementor-drop-cap{float:left;text-align:center;line-height:1;font-size:50px}.elementor-widget-text-editor .elementor-drop-cap-letter{display:inline-block}<\/style>\t\t\t\t<p>Recibimos tu informaci\u00f3n ya sea en f\u00edsico o en digital, los avances tecnol\u00f3gicos nos han servido para que los clientes puedan facilitar el env\u00edo de informaci\u00f3n a sus contadores p\u00fablicos de confianza, por lo que el env\u00edo de informaci\u00f3n ya no resulta un problema al d\u00eda de hoy, el cliente podr\u00e1 enviarnos su informaci\u00f3n para previa contabilizaci\u00f3n no importa en el lugar d\u00f3nde est\u00e9.<\/p>\t\t\t\t\t\t<\/div>\n\t\t\t\t<\/div>\n\t\t\t\t\t<\/div>\n\t\t<\/div>\n\t\t\t\t<div class=\"elementor-column elementor-col-33 elementor-top-column elementor-element elementor-element-fc46744\" data-id=\"fc46744\" data-element_type=\"column\">\n\t\t\t<div class=\"elementor-widget-wrap elementor-element-populated\">\n\t\t\t\t\t\t\t\t<div class=\"elementor-element elementor-element-c20c270 elementor-widget elementor-widget-image\" data-id=\"c20c270\" data-element_type=\"widget\" data-widget_type=\"image.default\">\n\t\t\t\t<div class=\"elementor-widget-container\">\n\t\t\t<style>\/*! elementor - v3.16.0 - 20-09-2023 *\/\n.elementor-widget-image{text-align:center}.elementor-widget-image a{display:inline-block}.elementor-widget-image a img[src$=\".svg\"]{width:48px}.elementor-widget-image img{vertical-align:middle;display:inline-block}<\/style>\t\t\t\t\t\t\t\t\t\t\t\t<img decoding=\"async\" loading=\"lazy\" width=\"500\" height=\"500\" src=\"https:\/\/calaconsultores.xyz\/wp-content\/uploads\/2022\/12\/52393-removebg-preview-1.png\" class=\"attachment-medium_large size-medium_large wp-image-866\" alt=\"\" srcset=\"https:\/\/calaconsultores.xyz\/wp-content\/uploads\/2022\/12\/52393-removebg-preview-1.png 500w, https:\/\/calaconsultores.xyz\/wp-content\/uploads\/2022\/12\/52393-removebg-preview-1-300x300.png 300w, https:\/\/calaconsultores.xyz\/wp-content\/uploads\/2022\/12\/52393-removebg-preview-1-150x150.png 150w\" sizes=\"(max-width: 500px) 100vw, 500px\" \/>\t\t\t\t\t\t\t\t\t\t\t\t\t\t\t<\/div>\n\t\t\t\t<\/div>\n\t\t\t\t\t<\/div>\n\t\t<\/div>\n\t\t\t\t\t\t\t<\/div>\n\t\t<\/section>\n\t\t\t\t<section class=\"elementor-section elementor-top-section elementor-element elementor-element-fc65552 elementor-section-boxed elementor-section-height-default elementor-section-height-default\" data-id=\"fc65552\" data-element_type=\"section\">\n\t\t\t\t\t\t<div class=\"elementor-container elementor-column-gap-default\">\n\t\t\t\t\t<div class=\"elementor-column elementor-col-66 elementor-top-column elementor-element elementor-element-c7bc40c\" data-id=\"c7bc40c\" data-element_type=\"column\">\n\t\t\t<div class=\"elementor-widget-wrap elementor-element-populated\">\n\t\t\t\t\t\t\t\t<div class=\"elementor-element elementor-element-622dceb elementor-widget elementor-widget-heading\" data-id=\"622dceb\" data-element_type=\"widget\" data-widget_type=\"heading.default\">\n\t\t\t\t<div class=\"elementor-widget-container\">\n\t\t\t<h3 class=\"elementor-heading-title elementor-size-default\">2. Analizamos rigurosamente la informaci\u00f3n brindada por el cliente<\/h3>\t\t<\/div>\n\t\t\t\t<\/div>\n\t\t\t\t<div class=\"elementor-element elementor-element-d5cdfce elementor-widget elementor-widget-text-editor\" data-id=\"d5cdfce\" data-element_type=\"widget\" data-widget_type=\"text-editor.default\">\n\t\t\t\t<div class=\"elementor-widget-container\">\n\t\t\t\t\t\t\t<p>Nuestro grupo de profesionales analizar\u00e1 la informaci\u00f3n, revisando rigurosamente los tipos de gastos que realiza el cliente, para as\u00ed darle la mejor sugerencia para realizar una planeaci\u00f3n de gastos que le pueda beneficiar para el c\u00e1lculo de sus impuestos.<\/p>\t\t\t\t\t\t<\/div>\n\t\t\t\t<\/div>\n\t\t\t\t\t<\/div>\n\t\t<\/div>\n\t\t\t\t<div class=\"elementor-column elementor-col-33 elementor-top-column elementor-element elementor-element-13aa954\" data-id=\"13aa954\" data-element_type=\"column\">\n\t\t\t<div class=\"elementor-widget-wrap elementor-element-populated\">\n\t\t\t\t\t\t\t\t<div class=\"elementor-element elementor-element-7cd7e37 elementor-widget elementor-widget-image\" data-id=\"7cd7e37\" data-element_type=\"widget\" data-widget_type=\"image.default\">\n\t\t\t\t<div class=\"elementor-widget-container\">\n\t\t\t\t\t\t\t\t\t\t\t\t\t\t\t<img decoding=\"async\" loading=\"lazy\" width=\"612\" height=\"408\" src=\"https:\/\/calaconsultores.xyz\/wp-content\/uploads\/2022\/12\/na_march_28-removebg-preview.png\" class=\"attachment-large size-large wp-image-867\" alt=\"\" srcset=\"https:\/\/calaconsultores.xyz\/wp-content\/uploads\/2022\/12\/na_march_28-removebg-preview.png 612w, https:\/\/calaconsultores.xyz\/wp-content\/uploads\/2022\/12\/na_march_28-removebg-preview-300x200.png 300w\" sizes=\"(max-width: 612px) 100vw, 612px\" \/>\t\t\t\t\t\t\t\t\t\t\t\t\t\t\t<\/div>\n\t\t\t\t<\/div>\n\t\t\t\t\t<\/div>\n\t\t<\/div>\n\t\t\t\t\t\t\t<\/div>\n\t\t<\/section>\n\t\t\t\t<section class=\"elementor-section elementor-top-section elementor-element elementor-element-4e6247c elementor-section-boxed elementor-section-height-default elementor-section-height-default\" data-id=\"4e6247c\" data-element_type=\"section\">\n\t\t\t\t\t\t<div class=\"elementor-container elementor-column-gap-default\">\n\t\t\t\t\t<div class=\"elementor-column elementor-col-66 elementor-top-column elementor-element elementor-element-6e98488\" data-id=\"6e98488\" data-element_type=\"column\">\n\t\t\t<div class=\"elementor-widget-wrap elementor-element-populated\">\n\t\t\t\t\t\t\t\t<div class=\"elementor-element elementor-element-d872f7f elementor-widget elementor-widget-heading\" data-id=\"d872f7f\" data-element_type=\"widget\" data-widget_type=\"heading.default\">\n\t\t\t\t<div class=\"elementor-widget-container\">\n\t\t\t<h3 class=\"elementor-heading-title elementor-size-default\">3. Registramos en contabilidad<\/h3>\t\t<\/div>\n\t\t\t\t<\/div>\n\t\t\t\t<div class=\"elementor-element elementor-element-b190200 elementor-widget elementor-widget-text-editor\" data-id=\"b190200\" data-element_type=\"widget\" data-widget_type=\"text-editor.default\">\n\t\t\t\t<div class=\"elementor-widget-container\">\n\t\t\t\t\t\t\t<p>Una vez analizada la informaci\u00f3n, se registrar\u00e1 en contabilidad, utilizando los criterios necesarios y requeridos por la autoridad, esto facilitar\u00e1 al cliente cualquier tr\u00e1mite que se origine o tome c\u00f3mo base la contabilidad electr\u00f3nica que se registr\u00f3.<\/p>\t\t\t\t\t\t<\/div>\n\t\t\t\t<\/div>\n\t\t\t\t\t<\/div>\n\t\t<\/div>\n\t\t\t\t<div class=\"elementor-column elementor-col-33 elementor-top-column elementor-element elementor-element-d46f837\" data-id=\"d46f837\" data-element_type=\"column\">\n\t\t\t<div class=\"elementor-widget-wrap elementor-element-populated\">\n\t\t\t\t\t\t\t\t<div class=\"elementor-element elementor-element-902108a elementor-widget elementor-widget-image\" data-id=\"902108a\" data-element_type=\"widget\" data-widget_type=\"image.default\">\n\t\t\t\t<div class=\"elementor-widget-container\">\n\t\t\t\t\t\t\t\t\t\t\t\t\t\t\t<img decoding=\"async\" loading=\"lazy\" width=\"500\" height=\"500\" src=\"https:\/\/calaconsultores.xyz\/wp-content\/uploads\/2022\/12\/OJZ2ID0-removebg-preview-1.png\" class=\"attachment-large size-large wp-image-869\" alt=\"\" srcset=\"https:\/\/calaconsultores.xyz\/wp-content\/uploads\/2022\/12\/OJZ2ID0-removebg-preview-1.png 500w, https:\/\/calaconsultores.xyz\/wp-content\/uploads\/2022\/12\/OJZ2ID0-removebg-preview-1-300x300.png 300w, https:\/\/calaconsultores.xyz\/wp-content\/uploads\/2022\/12\/OJZ2ID0-removebg-preview-1-150x150.png 150w\" sizes=\"(max-width: 500px) 100vw, 500px\" \/>\t\t\t\t\t\t\t\t\t\t\t\t\t\t\t<\/div>\n\t\t\t\t<\/div>\n\t\t\t\t\t<\/div>\n\t\t<\/div>\n\t\t\t\t\t\t\t<\/div>\n\t\t<\/section>\n\t\t\t\t<section class=\"elementor-section elementor-top-section elementor-element elementor-element-ea329aa elementor-section-boxed elementor-section-height-default elementor-section-height-default\" data-id=\"ea329aa\" data-element_type=\"section\">\n\t\t\t\t\t\t<div class=\"elementor-container elementor-column-gap-default\">\n\t\t\t\t\t<div class=\"elementor-column elementor-col-66 elementor-top-column elementor-element elementor-element-2f5228c\" data-id=\"2f5228c\" data-element_type=\"column\">\n\t\t\t<div class=\"elementor-widget-wrap elementor-element-populated\">\n\t\t\t\t\t\t\t\t<div class=\"elementor-element elementor-element-47e7410 elementor-widget elementor-widget-heading\" data-id=\"47e7410\" data-element_type=\"widget\" data-widget_type=\"heading.default\">\n\t\t\t\t<div class=\"elementor-widget-container\">\n\t\t\t<h3 class=\"elementor-heading-title elementor-size-default\">4. Emisi\u00f3n de estados financieros<\/h3>\t\t<\/div>\n\t\t\t\t<\/div>\n\t\t\t\t<div class=\"elementor-element elementor-element-c75de15 elementor-widget elementor-widget-text-editor\" data-id=\"c75de15\" data-element_type=\"widget\" data-widget_type=\"text-editor.default\">\n\t\t\t\t<div class=\"elementor-widget-container\">\n\t\t\t\t\t\t\t<p>Ya registrada la informaci\u00f3n, emitiremos estados financieros, los cuales ayudar\u00e1n al usuario a entender m\u00e1s sobre su situaci\u00f3n financiera, los mismos los podr\u00e1 tomar de base para la toma de decisiones para as\u00ed mejorar dentro de sus actividad econ\u00f3mica.<\/p>\t\t\t\t\t\t<\/div>\n\t\t\t\t<\/div>\n\t\t\t\t\t<\/div>\n\t\t<\/div>\n\t\t\t\t<div class=\"elementor-column elementor-col-33 elementor-top-column elementor-element elementor-element-4e9fa5d\" data-id=\"4e9fa5d\" data-element_type=\"column\">\n\t\t\t<div class=\"elementor-widget-wrap elementor-element-populated\">\n\t\t\t\t\t\t\t\t<div class=\"elementor-element elementor-element-d79c4fe elementor-widget elementor-widget-image\" data-id=\"d79c4fe\" data-element_type=\"widget\" data-widget_type=\"image.default\">\n\t\t\t\t<div class=\"elementor-widget-container\">\n\t\t\t\t\t\t\t\t\t\t\t\t\t\t\t<img decoding=\"async\" loading=\"lazy\" width=\"500\" height=\"500\" src=\"https:\/\/calaconsultores.xyz\/wp-content\/uploads\/2022\/12\/Documents-_1_-removebg-preview.png\" class=\"attachment-large size-large wp-image-870\" alt=\"\" srcset=\"https:\/\/calaconsultores.xyz\/wp-content\/uploads\/2022\/12\/Documents-_1_-removebg-preview.png 500w, https:\/\/calaconsultores.xyz\/wp-content\/uploads\/2022\/12\/Documents-_1_-removebg-preview-300x300.png 300w, https:\/\/calaconsultores.xyz\/wp-content\/uploads\/2022\/12\/Documents-_1_-removebg-preview-150x150.png 150w\" sizes=\"(max-width: 500px) 100vw, 500px\" \/>\t\t\t\t\t\t\t\t\t\t\t\t\t\t\t<\/div>\n\t\t\t\t<\/div>\n\t\t\t\t\t<\/div>\n\t\t<\/div>\n\t\t\t\t\t\t\t<\/div>\n\t\t<\/section>\n\t\t\t\t<section class=\"elementor-section elementor-top-section elementor-element elementor-element-5159827 elementor-section-boxed elementor-section-height-default elementor-section-height-default\" data-id=\"5159827\" data-element_type=\"section\">\n\t\t\t\t\t\t<div class=\"elementor-container elementor-column-gap-default\">\n\t\t\t\t\t<div class=\"elementor-column elementor-col-66 elementor-top-column elementor-element elementor-element-3cd25ee\" data-id=\"3cd25ee\" data-element_type=\"column\">\n\t\t\t<div class=\"elementor-widget-wrap elementor-element-populated\">\n\t\t\t\t\t\t\t\t<div class=\"elementor-element elementor-element-bb7923a elementor-widget elementor-widget-heading\" data-id=\"bb7923a\" data-element_type=\"widget\" data-widget_type=\"heading.default\">\n\t\t\t\t<div class=\"elementor-widget-container\">\n\t\t\t<h3 class=\"elementor-heading-title elementor-size-default\">5. Enviamos tu informaci\u00f3n a la autoridad recaudadora (SAT)<\/h3>\t\t<\/div>\n\t\t\t\t<\/div>\n\t\t\t\t<div class=\"elementor-element elementor-element-7ac1a3f elementor-widget elementor-widget-text-editor\" data-id=\"7ac1a3f\" data-element_type=\"widget\" data-widget_type=\"text-editor.default\">\n\t\t\t\t<div class=\"elementor-widget-container\">\n\t\t\t\t\t\t\t<p>En caso de que tu r\u00e9gimen fiscal lo requiera, enviaremos la contabilidad electr\u00f3nica a la autoridad, esto con el objetivo de cumplir con lo que nos pide la autoridad.<\/p>\t\t\t\t\t\t<\/div>\n\t\t\t\t<\/div>\n\t\t\t\t\t<\/div>\n\t\t<\/div>\n\t\t\t\t<div class=\"elementor-column elementor-col-33 elementor-top-column elementor-element elementor-element-5036652\" data-id=\"5036652\" data-element_type=\"column\">\n\t\t\t<div class=\"elementor-widget-wrap elementor-element-populated\">\n\t\t\t\t\t\t\t\t<div class=\"elementor-element elementor-element-1a2c2a6 elementor-widget elementor-widget-image\" data-id=\"1a2c2a6\" data-element_type=\"widget\" data-widget_type=\"image.default\">\n\t\t\t\t<div class=\"elementor-widget-container\">\n\t\t\t\t\t\t\t\t\t\t\t\t\t\t\t<img decoding=\"async\" loading=\"lazy\" width=\"500\" height=\"500\" src=\"https:\/\/calaconsultores.xyz\/wp-content\/uploads\/2022\/12\/5893-removebg-preview.png\" class=\"attachment-large size-large wp-image-871\" alt=\"\" srcset=\"https:\/\/calaconsultores.xyz\/wp-content\/uploads\/2022\/12\/5893-removebg-preview.png 500w, https:\/\/calaconsultores.xyz\/wp-content\/uploads\/2022\/12\/5893-removebg-preview-300x300.png 300w, https:\/\/calaconsultores.xyz\/wp-content\/uploads\/2022\/12\/5893-removebg-preview-150x150.png 150w\" sizes=\"(max-width: 500px) 100vw, 500px\" \/>\t\t\t\t\t\t\t\t\t\t\t\t\t\t\t<\/div>\n\t\t\t\t<\/div>\n\t\t\t\t\t<\/div>\n\t\t<\/div>\n\t\t\t\t\t\t\t<\/div>\n\t\t<\/section>\n\t\t\t\t\t\t\t<\/div>\n\t\t","protected":false},"excerpt":{"rendered":"<p>servicios contables 1. Recibimos tu informaci\u00f3n Recibimos tu informaci\u00f3n ya sea en f\u00edsico o en digital, los avances tecnol\u00f3gicos nos han servido para que los clientes puedan facilitar el env\u00edo de informaci\u00f3n a sus contadores p\u00fablicos de confianza, por lo que el env\u00edo de informaci\u00f3n ya no resulta un problema al d\u00eda de hoy, el &hellip;<\/p>\n<p class=\"read-more\"> <a class=\"\" href=\"https:\/\/calaconsultores.xyz\/?page_id=840\"> <span class=\"screen-reader-text\">Servicios contables<\/span> Leer m\u00e1s &raquo;<\/a><\/p>\n","protected":false},"author":1,"featured_media":0,"parent":10,"menu_order":0,"comment_status":"closed","ping_status":"closed","template":"","meta":{"om_disable_all_campaigns":false,"_mi_skip_tracking":false,"_monsterinsights_sitenote_active":false,"_monsterinsights_sitenote_note":"","_monsterinsights_sitenote_category":0,"site-sidebar-layout":"no-sidebar","site-content-layout":"page-builder","ast-site-content-layout":"","site-content-style":"default","site-sidebar-style":"default","ast-global-header-display":"","ast-banner-title-visibility":"","ast-main-header-display":"","ast-hfb-above-header-display":"","ast-hfb-below-header-display":"","ast-hfb-mobile-header-display":"","site-post-title":"disabled","ast-breadcrumbs-content":"","ast-featured-img":"disabled","footer-sml-layout":"","theme-transparent-header-meta":"","adv-header-id-meta":"","stick-header-meta":"","header-above-stick-meta":"","header-main-stick-meta":"","header-below-stick-meta":"","astra-migrate-meta-layouts":"","footnotes":""},"yoast_head":"<!-- This site is optimized with the Yoast SEO plugin v21.2 - https:\/\/yoast.com\/wordpress\/plugins\/seo\/ -->\n<title>Servicios contables - CALA Consultores<\/title>\n<meta name=\"robots\" content=\"index, follow, max-snippet:-1, max-image-preview:large, max-video-preview:-1\" \/>\n<link rel=\"canonical\" href=\"https:\/\/calaconsultores.xyz\/?page_id=840\" \/>\n<meta property=\"og:locale\" content=\"es_MX\" \/>\n<meta property=\"og:type\" content=\"article\" \/>\n<meta property=\"og:title\" content=\"Servicios contables - CALA Consultores\" \/>\n<meta property=\"og:description\" content=\"servicios contables 1. Recibimos tu informaci\u00f3n Recibimos tu informaci\u00f3n ya sea en f\u00edsico o en digital, los avances tecnol\u00f3gicos nos han servido para que los clientes puedan facilitar el env\u00edo de informaci\u00f3n a sus contadores p\u00fablicos de confianza, por lo que el env\u00edo de informaci\u00f3n ya no resulta un problema al d\u00eda de hoy, el &hellip; Servicios contables Leer m\u00e1s &raquo;\" \/>\n<meta property=\"og:url\" content=\"https:\/\/calaconsultores.xyz\/?page_id=840\" \/>\n<meta property=\"og:site_name\" content=\"CALA Consultores\" \/>\n<meta property=\"article:modified_time\" content=\"2022-12-05T22:01:32+00:00\" \/>\n<meta property=\"og:image\" content=\"https:\/\/calaconsultores.xyz\/wp-content\/uploads\/2022\/12\/52393-removebg-preview-1.png\" \/>\n<meta name=\"twitter:card\" content=\"summary_large_image\" \/>\n<meta name=\"twitter:label1\" content=\"Tiempo de lectura\" \/>\n\t<meta name=\"twitter:data1\" content=\"1 minuto\" \/>\n<script type=\"application\/ld+json\" class=\"yoast-schema-graph\">{\"@context\":\"https:\/\/schema.org\",\"@graph\":[{\"@type\":\"WebPage\",\"@id\":\"https:\/\/calaconsultores.xyz\/?page_id=840\",\"url\":\"https:\/\/calaconsultores.xyz\/?page_id=840\",\"name\":\"Servicios contables - CALA Consultores\",\"isPartOf\":{\"@id\":\"https:\/\/calaconsultores.xyz\/#website\"},\"datePublished\":\"2022-12-02T19:45:00+00:00\",\"dateModified\":\"2022-12-05T22:01:32+00:00\",\"breadcrumb\":{\"@id\":\"https:\/\/calaconsultores.xyz\/?page_id=840#breadcrumb\"},\"inLanguage\":\"es-MX\",\"potentialAction\":[{\"@type\":\"ReadAction\",\"target\":[\"https:\/\/calaconsultores.xyz\/?page_id=840\"]}]},{\"@type\":\"BreadcrumbList\",\"@id\":\"https:\/\/calaconsultores.xyz\/?page_id=840#breadcrumb\",\"itemListElement\":[{\"@type\":\"ListItem\",\"position\":1,\"name\":\"Inicio\",\"item\":\"https:\/\/calaconsultores.xyz\/\"},{\"@type\":\"ListItem\",\"position\":2,\"name\":\"Servicios\",\"item\":\"https:\/\/calaconsultores.xyz\/?page_id=10\"},{\"@type\":\"ListItem\",\"position\":3,\"name\":\"Servicios contables\"}]},{\"@type\":\"WebSite\",\"@id\":\"https:\/\/calaconsultores.xyz\/#website\",\"url\":\"https:\/\/calaconsultores.xyz\/\",\"name\":\"CALA Consultores\",\"description\":\"Hacemos las cosas diferentes.\",\"publisher\":{\"@id\":\"https:\/\/calaconsultores.xyz\/#organization\"},\"potentialAction\":[{\"@type\":\"SearchAction\",\"target\":{\"@type\":\"EntryPoint\",\"urlTemplate\":\"https:\/\/calaconsultores.xyz\/?s={search_term_string}\"},\"query-input\":\"required name=search_term_string\"}],\"inLanguage\":\"es-MX\"},{\"@type\":\"Organization\",\"@id\":\"https:\/\/calaconsultores.xyz\/#organization\",\"name\":\"CALA Consultores\",\"url\":\"https:\/\/calaconsultores.xyz\/\",\"logo\":{\"@type\":\"ImageObject\",\"inLanguage\":\"es-MX\",\"@id\":\"https:\/\/calaconsultores.xyz\/#\/schema\/logo\/image\/\",\"url\":\"https:\/\/calaconsultores.xyz\/wp-content\/uploads\/2022\/11\/cropped-cropped-CALA-LOGO-SUPERIOR.png\",\"contentUrl\":\"https:\/\/calaconsultores.xyz\/wp-content\/uploads\/2022\/11\/cropped-cropped-CALA-LOGO-SUPERIOR.png\",\"width\":418,\"height\":166,\"caption\":\"CALA Consultores\"},\"image\":{\"@id\":\"https:\/\/calaconsultores.xyz\/#\/schema\/logo\/image\/\"}}]}<\/script>\n<!-- \/ Yoast SEO plugin. -->","yoast_head_json":{"title":"Servicios contables - CALA Consultores","robots":{"index":"index","follow":"follow","max-snippet":"max-snippet:-1","max-image-preview":"max-image-preview:large","max-video-preview":"max-video-preview:-1"},"canonical":"https:\/\/calaconsultores.xyz\/?page_id=840","og_locale":"es_MX","og_type":"article","og_title":"Servicios contables - CALA Consultores","og_description":"servicios contables 1. Recibimos tu informaci\u00f3n Recibimos tu informaci\u00f3n ya sea en f\u00edsico o en digital, los avances tecnol\u00f3gicos nos han servido para que los clientes puedan facilitar el env\u00edo de informaci\u00f3n a sus contadores p\u00fablicos de confianza, por lo que el env\u00edo de informaci\u00f3n ya no resulta un problema al d\u00eda de hoy, el &hellip; Servicios contables Leer m\u00e1s &raquo;","og_url":"https:\/\/calaconsultores.xyz\/?page_id=840","og_site_name":"CALA Consultores","article_modified_time":"2022-12-05T22:01:32+00:00","og_image":[{"url":"https:\/\/calaconsultores.xyz\/wp-content\/uploads\/2022\/12\/52393-removebg-preview-1.png"}],"twitter_card":"summary_large_image","twitter_misc":{"Tiempo de lectura":"1 minuto"},"schema":{"@context":"https:\/\/schema.org","@graph":[{"@type":"WebPage","@id":"https:\/\/calaconsultores.xyz\/?page_id=840","url":"https:\/\/calaconsultores.xyz\/?page_id=840","name":"Servicios contables - CALA Consultores","isPartOf":{"@id":"https:\/\/calaconsultores.xyz\/#website"},"datePublished":"2022-12-02T19:45:00+00:00","dateModified":"2022-12-05T22:01:32+00:00","breadcrumb":{"@id":"https:\/\/calaconsultores.xyz\/?page_id=840#breadcrumb"},"inLanguage":"es-MX","potentialAction":[{"@type":"ReadAction","target":["https:\/\/calaconsultores.xyz\/?page_id=840"]}]},{"@type":"BreadcrumbList","@id":"https:\/\/calaconsultores.xyz\/?page_id=840#breadcrumb","itemListElement":[{"@type":"ListItem","position":1,"name":"Inicio","item":"https:\/\/calaconsultores.xyz\/"},{"@type":"ListItem","position":2,"name":"Servicios","item":"https:\/\/calaconsultores.xyz\/?page_id=10"},{"@type":"ListItem","position":3,"name":"Servicios contables"}]},{"@type":"WebSite","@id":"https:\/\/calaconsultores.xyz\/#website","url":"https:\/\/calaconsultores.xyz\/","name":"CALA Consultores","description":"Hacemos las cosas diferentes.","publisher":{"@id":"https:\/\/calaconsultores.xyz\/#organization"},"potentialAction":[{"@type":"SearchAction","target":{"@type":"EntryPoint","urlTemplate":"https:\/\/calaconsultores.xyz\/?s={search_term_string}"},"query-input":"required name=search_term_string"}],"inLanguage":"es-MX"},{"@type":"Organization","@id":"https:\/\/calaconsultores.xyz\/#organization","name":"CALA Consultores","url":"https:\/\/calaconsultores.xyz\/","logo":{"@type":"ImageObject","inLanguage":"es-MX","@id":"https:\/\/calaconsultores.xyz\/#\/schema\/logo\/image\/","url":"https:\/\/calaconsultores.xyz\/wp-content\/uploads\/2022\/11\/cropped-cropped-CALA-LOGO-SUPERIOR.png","contentUrl":"https:\/\/calaconsultores.xyz\/wp-content\/uploads\/2022\/11\/cropped-cropped-CALA-LOGO-SUPERIOR.png","width":418,"height":166,"caption":"CALA Consultores"},"image":{"@id":"https:\/\/calaconsultores.xyz\/#\/schema\/logo\/image\/"}}]}},"_links":{"self":[{"href":"https:\/\/calaconsultores.xyz\/index.php?rest_route=\/wp\/v2\/pages\/840"}],"collection":[{"href":"https:\/\/calaconsultores.xyz\/index.php?rest_route=\/wp\/v2\/pages"}],"about":[{"href":"https:\/\/calaconsultores.xyz\/index.php?rest_route=\/wp\/v2\/types\/page"}],"author":[{"embeddable":true,"href":"https:\/\/calaconsultores.xyz\/index.php?rest_route=\/wp\/v2\/users\/1"}],"replies":[{"embeddable":true,"href":"https:\/\/calaconsultores.xyz\/index.php?rest_route=%2Fwp%2Fv2%2Fcomments&post=840"}],"version-history":[{"count":17,"href":"https:\/\/calaconsultores.xyz\/index.php?rest_route=\/wp\/v2\/pages\/840\/revisions"}],"predecessor-version":[{"id":875,"href":"https:\/\/calaconsultores.xyz\/index.php?rest_route=\/wp\/v2\/pages\/840\/revisions\/875"}],"up":[{"embeddable":true,"href":"https:\/\/calaconsultores.xyz\/index.php?rest_route=\/wp\/v2\/pages\/10"}],"wp:attachment":[{"href":"https:\/\/calaconsultores.xyz\/index.php?rest_route=%2Fwp%2Fv2%2Fmedia&parent=840"}],"curies":[{"name":"wp","href":"https:\/\/api.w.org\/{rel}","templated":true}]}}