{"id":3,"date":"2022-11-02T21:14:21","date_gmt":"2022-11-02T21:14:21","guid":{"rendered":"http:\/\/calaconsultores.xyz\/?page_id=3"},"modified":"2022-11-17T13:31:58","modified_gmt":"2022-11-17T19:31:58","slug":"privacy-policy","status":"publish","type":"page","link":"https:\/\/calaconsultores.xyz\/?page_id=3","title":{"rendered":"Pol\u00edticas de Privacidad"},"content":{"rendered":"\t\t<div data-elementor-type=\"wp-page\" data-elementor-id=\"3\" class=\"elementor elementor-3\" data-elementor-post-type=\"page\">\n\t\t\t\t\t\t\t\t\t<section class=\"elementor-section elementor-top-section elementor-element elementor-element-6870fea1 elementor-section-boxed elementor-section-height-default elementor-section-height-default\" data-id=\"6870fea1\" data-element_type=\"section\">\n\t\t\t\t\t\t<div class=\"elementor-container elementor-column-gap-default\">\n\t\t\t\t\t<div class=\"elementor-column elementor-col-100 elementor-top-column elementor-element elementor-element-31bb5909\" data-id=\"31bb5909\" data-element_type=\"column\">\n\t\t\t<div class=\"elementor-widget-wrap elementor-element-populated\">\n\t\t\t\t\t\t\t\t<div class=\"elementor-element elementor-element-3e32c7b4 elementor-widget elementor-widget-text-editor\" data-id=\"3e32c7b4\" data-element_type=\"widget\" data-widget_type=\"text-editor.default\">\n\t\t\t\t<div class=\"elementor-widget-container\">\n\t\t\t<style>\/*! elementor - v3.16.0 - 20-09-2023 *\/\n.elementor-widget-text-editor.elementor-drop-cap-view-stacked .elementor-drop-cap{background-color:#69727d;color:#fff}.elementor-widget-text-editor.elementor-drop-cap-view-framed .elementor-drop-cap{color:#69727d;border:3px solid;background-color:transparent}.elementor-widget-text-editor:not(.elementor-drop-cap-view-default) .elementor-drop-cap{margin-top:8px}.elementor-widget-text-editor:not(.elementor-drop-cap-view-default) .elementor-drop-cap-letter{width:1em;height:1em}.elementor-widget-text-editor .elementor-drop-cap{float:left;text-align:center;line-height:1;font-size:50px}.elementor-widget-text-editor .elementor-drop-cap-letter{display:inline-block}<\/style>\t\t\t\t<p><!-- wp:heading --><\/p>\n<h2>Quienes somos<\/h2>\n<p><!-- \/wp:heading --><!-- wp:paragraph --><\/p>\n<p>Nuestra p\u00e1gina web es: http:\/\/calaconsultores.xyz.<\/p>\n<p><!-- \/wp:paragraph --><!-- wp:heading --><\/p>\n<h2>Comentarios<\/h2>\n<p><!-- \/wp:heading --><!-- wp:paragraph --><\/p>\n<p>Cuando los visitantes dejan comentarios en el sitio, recopilamos los datos que se muestran en el formulario de comentarios, y tambi\u00e9n la direcci\u00f3n IP del visitante y la cadena del agente de usuario del navegador para ayudar a la detecci\u00f3n de spam.<\/p>\n<p><!-- \/wp:paragraph --><!-- wp:paragraph --><\/p>\n<p><span class=\"jCAhz ChMk0b\"><span class=\"ryNqvb\">Se puede proporcionar una cadena an\u00f3nima creada a partir de su direcci\u00f3n de correo electr\u00f3nico (tambi\u00e9n llamada hash) al servicio Gravatar para ver si la est\u00e1 utilizando.<\/span><\/span> <span class=\"jCAhz ChMk0b\"><span class=\"ryNqvb\">La Pol\u00edtica de privacidad del servicio Gravatar est\u00e1 disponible aqu\u00ed: https:\/\/automattic.com\/privacy\/.<\/span><\/span> <span class=\"jCAhz ChMk0b\"><span class=\"ryNqvb\">Despu\u00e9s de la aprobaci\u00f3n de su comentario, su foto de perfil es visible para el p\u00fablico en el contexto de su comentario.<\/span><\/span><\/p>\n<p><!-- \/wp:paragraph --><!-- wp:heading --><\/p>\n<h2>Contenido<\/h2>\n<p><!-- \/wp:heading --><!-- wp:paragraph --><\/p>\n<p>Visitantes y clientes pueden descargar cualquier contenido o extraer la fuente de la misma, siempre y cuando no violen las normas de copyright de alg\u00fan contenido.<\/p>\n<p><!-- \/wp:paragraph --><!-- wp:heading --><\/p>\n<h2>Cookies<\/h2>\n<p><span class=\"jCAhz ChMk0b\"><span class=\"ryNqvb\">Si deja un comentario en nuestro sitio, puede optar por guardar su nombre, direcci\u00f3n de correo electr\u00f3nico y sitio web en cookies.<\/span><\/span> <span class=\"jCAhz ChMk0b\"><span class=\"ryNqvb\">Estos son para su comodidad, para que no tenga que volver a rellenar sus datos cuando deje otro comentario.<\/span><\/span> <span class=\"jCAhz ChMk0b\"><span class=\"ryNqvb\">Estas cookies tendr\u00e1n una duraci\u00f3n de un a\u00f1o.<\/span><\/span> <span class=\"jCAhz ChMk0b\"><span class=\"ryNqvb\">Si visita nuestra p\u00e1gina de inicio de sesi\u00f3n, estableceremos una cookie temporal para determinar si su navegador acepta cookies.<\/span><\/span> <span class=\"jCAhz ChMk0b\"><span class=\"ryNqvb\">Esta cookie no contiene datos personales y se descarta cuando cierra su navegador.<\/span><\/span><\/p>\n<p><span class=\"jCAhz ChMk0b\"><span class=\"ryNqvb\">Cuando inicie sesi\u00f3n, tambi\u00e9n configuraremos varias cookies para guardar su informaci\u00f3n de inicio de sesi\u00f3n y sus opciones de visualizaci\u00f3n de pantalla.<\/span><\/span> <span class=\"jCAhz ChMk0b\"><span class=\"ryNqvb\">Las cookies de inicio de sesi\u00f3n duran dos d\u00edas y las cookies de opciones de pantalla duran un a\u00f1o.<\/span><\/span><\/p>\n<p><span class=\"jCAhz ChMk0b\"><span class=\"ryNqvb\">Si selecciona &#8220;Recordarme&#8221;, su inicio de sesi\u00f3n persistir\u00e1 durante dos semanas.<\/span><\/span> <span class=\"jCAhz ChMk0b\"><span class=\"ryNqvb\">Si cierra sesi\u00f3n en su cuenta, se eliminar\u00e1n las cookies de inicio de sesi\u00f3n.<\/span><\/span> <span class=\"jCAhz ChMk0b\"><span class=\"ryNqvb\">Si edita o publica un art\u00edculo, se guardar\u00e1 una cookie adicional en su navegador.<\/span><\/span> <span class=\"jCAhz ChMk0b\"><span class=\"ryNqvb\">Esta cookie no incluye datos personales y simplemente indica el ID de publicaci\u00f3n del art\u00edculo que acaba de editar.<\/span><\/span> <span class=\"jCAhz ChMk0b\"><span class=\"ryNqvb\">Caduca despu\u00e9s de 1 d\u00eda.<\/span><\/span><\/p>\n<p><!-- \/wp:heading --><!-- wp:paragraph --><\/p>\n<p><!-- \/wp:paragraph --><!-- wp:heading --><\/p>\n<h2>Contenido de otros sitios<\/h2>\n<p>Los art\u00edculos en este sitio pueden incluir contenido integrado (por ejemplo, videos, im\u00e1genes, art\u00edculos, etc.). El contenido integrado de otros sitios web se comporta exactamente de la misma manera que si el visitante hubiera visitado el otro sitio web.<\/p>\n<p>Estos sitios web pueden recopilar datos sobre usted, usar cookies, incrustar un seguimiento adicional de terceros y monitorear su interacci\u00f3n con ese contenido integrado, incluido el seguimiento de su interacci\u00f3n con el contenido integrado si tiene una cuenta y est\u00e1 conectado a ese sitio web.<\/p>\n<p><!-- \/wp:paragraph --><!-- wp:heading --><\/p>\n<h2>\u00bfCon qui\u00e9n compartimos tu informaci\u00f3n?<\/h2>\n<p><!-- \/wp:heading --><!-- wp:paragraph --><\/p>\n<p>En caso de que el usuario quisiera reestablecer su contrase\u00f1a, su direcci\u00f3n de IP podr\u00eda estar contenida en el correo electr\u00f3nico para reestablecer dicha contrase\u00f1a.<\/p>\n<p><!-- \/wp:paragraph --><!-- wp:heading --><\/p>\n<h2>\u00bfCu\u00e1nto tiempo tenemos tu informaci\u00f3n?<\/h2>\n<p><!-- \/wp:heading --><!-- wp:paragraph --><\/p>\n<p>Si deja un comentario, el comentario y sus metadatos se conservan indefinidamente. Esto es para que podamos reconocer y aprobar cualquier comentario de seguimiento autom\u00e1ticamente en lugar de mantenerlos en una cola de moderaci\u00f3n.<\/p>\n<p>Para los usuarios que se registran en nuestro sitio web (si lo hay), tambi\u00e9n almacenamos la informaci\u00f3n personal que proporcionan en su perfil de usuario. Todos los usuarios pueden ver, editar o eliminar su informaci\u00f3n personal en cualquier momento (excepto que no pueden cambiar su nombre de usuario). Los administradores del sitio web tambi\u00e9n pueden ver y editar esa informaci\u00f3n.<\/p>\n<p><!-- \/wp:paragraph --><!-- wp:heading --><\/p>\n<h2>\u00bfQu\u00e9 derechos tienes sobre tu informaci\u00f3n?<\/h2>\n<p><!-- \/wp:heading --><!-- wp:paragraph --><\/p>\n<p>Si tiene una cuenta en este sitio, o tiene comentarios de izquierda, puede solicitar recibir un archivo exportado de los datos personales que tenemos sobre usted, incluidos los datos que nos ha proporcionado. Tambi\u00e9n puede solicitar que borremos los datos personales que tengamos sobre usted. Esto no incluye ning\u00fan dato que estemos obligados a conservar para fines administrativos, legales o de seguridad.<\/p>\n<p><!-- \/wp:paragraph --><!-- wp:heading --><\/p>\n<h2>\u00bfA d\u00f3nde enviamos tu inf0rmaci\u00f3n?<\/h2>\n<p><!-- \/wp:heading --><!-- wp:paragraph --><\/p>\n<p>Tu informaci\u00f3n debe ser revisada por el servicio antispam del sitio, por lo que tu informaci\u00f3n se encuentra segura.<\/p>\n<p><!-- \/wp:paragraph --><\/p>\t\t\t\t\t\t<\/div>\n\t\t\t\t<\/div>\n\t\t\t\t\t<\/div>\n\t\t<\/div>\n\t\t\t\t\t\t\t<\/div>\n\t\t<\/section>\n\t\t\t\t\t\t\t<\/div>\n\t\t","protected":false},"excerpt":{"rendered":"<p>Quienes somos Nuestra p\u00e1gina web es: http:\/\/calaconsultores.xyz. Comentarios Cuando los visitantes dejan comentarios en el sitio, recopilamos los datos que se muestran en el formulario de comentarios, y tambi\u00e9n la direcci\u00f3n IP del visitante y la cadena del agente de usuario del navegador para ayudar a la detecci\u00f3n de spam. Se puede proporcionar una cadena &hellip;<\/p>\n<p class=\"read-more\"> <a class=\"\" href=\"https:\/\/calaconsultores.xyz\/?page_id=3\"> <span class=\"screen-reader-text\">Pol\u00edticas de Privacidad<\/span> Leer m\u00e1s &raquo;<\/a><\/p>\n","protected":false},"author":1,"featured_media":0,"parent":0,"menu_order":0,"comment_status":"closed","ping_status":"open","template":"","meta":{"om_disable_all_campaigns":false,"_mi_skip_tracking":false,"_monsterinsights_sitenote_active":false,"_monsterinsights_sitenote_note":"","_monsterinsights_sitenote_category":0,"site-sidebar-layout":"default","site-content-layout":"","ast-site-content-layout":"","site-content-style":"default","site-sidebar-style":"default","ast-global-header-display":"","ast-banner-title-visibility":"","ast-main-header-display":"","ast-hfb-above-header-display":"","ast-hfb-below-header-display":"","ast-hfb-mobile-header-display":"","site-post-title":"","ast-breadcrumbs-content":"","ast-featured-img":"","footer-sml-layout":"","theme-transparent-header-meta":"","adv-header-id-meta":"","stick-header-meta":"","header-above-stick-meta":"","header-main-stick-meta":"","header-below-stick-meta":"","astra-migrate-meta-layouts":"","footnotes":""},"yoast_head":"<!-- This site is optimized with the Yoast SEO plugin v21.2 - https:\/\/yoast.com\/wordpress\/plugins\/seo\/ -->\n<title>Pol\u00edticas de Privacidad - CALA Consultores<\/title>\n<meta name=\"robots\" content=\"index, follow, max-snippet:-1, max-image-preview:large, max-video-preview:-1\" \/>\n<link rel=\"canonical\" href=\"https:\/\/calaconsultores.xyz\/?page_id=3\" \/>\n<meta property=\"og:locale\" content=\"es_MX\" \/>\n<meta property=\"og:type\" content=\"article\" \/>\n<meta property=\"og:title\" content=\"Pol\u00edticas de Privacidad - CALA Consultores\" \/>\n<meta property=\"og:description\" content=\"Quienes somos Nuestra p\u00e1gina web es: http:\/\/calaconsultores.xyz. Comentarios Cuando los visitantes dejan comentarios en el sitio, recopilamos los datos que se muestran en el formulario de comentarios, y tambi\u00e9n la direcci\u00f3n IP del visitante y la cadena del agente de usuario del navegador para ayudar a la detecci\u00f3n de spam. Se puede proporcionar una cadena &hellip; Pol\u00edticas de Privacidad Leer m\u00e1s &raquo;\" \/>\n<meta property=\"og:url\" content=\"https:\/\/calaconsultores.xyz\/?page_id=3\" \/>\n<meta property=\"og:site_name\" content=\"CALA Consultores\" \/>\n<meta property=\"article:modified_time\" content=\"2022-11-17T19:31:58+00:00\" \/>\n<meta name=\"twitter:card\" content=\"summary_large_image\" \/>\n<meta name=\"twitter:label1\" content=\"Tiempo de lectura\" \/>\n\t<meta name=\"twitter:data1\" content=\"4 minutos\" \/>\n<script type=\"application\/ld+json\" class=\"yoast-schema-graph\">{\"@context\":\"https:\/\/schema.org\",\"@graph\":[{\"@type\":\"WebPage\",\"@id\":\"https:\/\/calaconsultores.xyz\/?page_id=3\",\"url\":\"https:\/\/calaconsultores.xyz\/?page_id=3\",\"name\":\"Pol\u00edticas de Privacidad - CALA Consultores\",\"isPartOf\":{\"@id\":\"https:\/\/calaconsultores.xyz\/#website\"},\"datePublished\":\"2022-11-02T21:14:21+00:00\",\"dateModified\":\"2022-11-17T19:31:58+00:00\",\"breadcrumb\":{\"@id\":\"https:\/\/calaconsultores.xyz\/?page_id=3#breadcrumb\"},\"inLanguage\":\"es-MX\",\"potentialAction\":[{\"@type\":\"ReadAction\",\"target\":[\"https:\/\/calaconsultores.xyz\/?page_id=3\"]}]},{\"@type\":\"BreadcrumbList\",\"@id\":\"https:\/\/calaconsultores.xyz\/?page_id=3#breadcrumb\",\"itemListElement\":[{\"@type\":\"ListItem\",\"position\":1,\"name\":\"Inicio\",\"item\":\"https:\/\/calaconsultores.xyz\/\"},{\"@type\":\"ListItem\",\"position\":2,\"name\":\"Pol\u00edticas de Privacidad\"}]},{\"@type\":\"WebSite\",\"@id\":\"https:\/\/calaconsultores.xyz\/#website\",\"url\":\"https:\/\/calaconsultores.xyz\/\",\"name\":\"CALA Consultores\",\"description\":\"Hacemos las cosas diferentes.\",\"publisher\":{\"@id\":\"https:\/\/calaconsultores.xyz\/#organization\"},\"potentialAction\":[{\"@type\":\"SearchAction\",\"target\":{\"@type\":\"EntryPoint\",\"urlTemplate\":\"https:\/\/calaconsultores.xyz\/?s={search_term_string}\"},\"query-input\":\"required name=search_term_string\"}],\"inLanguage\":\"es-MX\"},{\"@type\":\"Organization\",\"@id\":\"https:\/\/calaconsultores.xyz\/#organization\",\"name\":\"CALA Consultores\",\"url\":\"https:\/\/calaconsultores.xyz\/\",\"logo\":{\"@type\":\"ImageObject\",\"inLanguage\":\"es-MX\",\"@id\":\"https:\/\/calaconsultores.xyz\/#\/schema\/logo\/image\/\",\"url\":\"https:\/\/calaconsultores.xyz\/wp-content\/uploads\/2022\/11\/cropped-cropped-CALA-LOGO-SUPERIOR.png\",\"contentUrl\":\"https:\/\/calaconsultores.xyz\/wp-content\/uploads\/2022\/11\/cropped-cropped-CALA-LOGO-SUPERIOR.png\",\"width\":418,\"height\":166,\"caption\":\"CALA Consultores\"},\"image\":{\"@id\":\"https:\/\/calaconsultores.xyz\/#\/schema\/logo\/image\/\"}}]}<\/script>\n<!-- \/ Yoast SEO plugin. -->","yoast_head_json":{"title":"Pol\u00edticas de Privacidad - CALA Consultores","robots":{"index":"index","follow":"follow","max-snippet":"max-snippet:-1","max-image-preview":"max-image-preview:large","max-video-preview":"max-video-preview:-1"},"canonical":"https:\/\/calaconsultores.xyz\/?page_id=3","og_locale":"es_MX","og_type":"article","og_title":"Pol\u00edticas de Privacidad - CALA Consultores","og_description":"Quienes somos Nuestra p\u00e1gina web es: http:\/\/calaconsultores.xyz. Comentarios Cuando los visitantes dejan comentarios en el sitio, recopilamos los datos que se muestran en el formulario de comentarios, y tambi\u00e9n la direcci\u00f3n IP del visitante y la cadena del agente de usuario del navegador para ayudar a la detecci\u00f3n de spam. Se puede proporcionar una cadena &hellip; Pol\u00edticas de Privacidad Leer m\u00e1s &raquo;","og_url":"https:\/\/calaconsultores.xyz\/?page_id=3","og_site_name":"CALA Consultores","article_modified_time":"2022-11-17T19:31:58+00:00","twitter_card":"summary_large_image","twitter_misc":{"Tiempo de lectura":"4 minutos"},"schema":{"@context":"https:\/\/schema.org","@graph":[{"@type":"WebPage","@id":"https:\/\/calaconsultores.xyz\/?page_id=3","url":"https:\/\/calaconsultores.xyz\/?page_id=3","name":"Pol\u00edticas de Privacidad - CALA Consultores","isPartOf":{"@id":"https:\/\/calaconsultores.xyz\/#website"},"datePublished":"2022-11-02T21:14:21+00:00","dateModified":"2022-11-17T19:31:58+00:00","breadcrumb":{"@id":"https:\/\/calaconsultores.xyz\/?page_id=3#breadcrumb"},"inLanguage":"es-MX","potentialAction":[{"@type":"ReadAction","target":["https:\/\/calaconsultores.xyz\/?page_id=3"]}]},{"@type":"BreadcrumbList","@id":"https:\/\/calaconsultores.xyz\/?page_id=3#breadcrumb","itemListElement":[{"@type":"ListItem","position":1,"name":"Inicio","item":"https:\/\/calaconsultores.xyz\/"},{"@type":"ListItem","position":2,"name":"Pol\u00edticas de Privacidad"}]},{"@type":"WebSite","@id":"https:\/\/calaconsultores.xyz\/#website","url":"https:\/\/calaconsultores.xyz\/","name":"CALA Consultores","description":"Hacemos las cosas diferentes.","publisher":{"@id":"https:\/\/calaconsultores.xyz\/#organization"},"potentialAction":[{"@type":"SearchAction","target":{"@type":"EntryPoint","urlTemplate":"https:\/\/calaconsultores.xyz\/?s={search_term_string}"},"query-input":"required name=search_term_string"}],"inLanguage":"es-MX"},{"@type":"Organization","@id":"https:\/\/calaconsultores.xyz\/#organization","name":"CALA Consultores","url":"https:\/\/calaconsultores.xyz\/","logo":{"@type":"ImageObject","inLanguage":"es-MX","@id":"https:\/\/calaconsultores.xyz\/#\/schema\/logo\/image\/","url":"https:\/\/calaconsultores.xyz\/wp-content\/uploads\/2022\/11\/cropped-cropped-CALA-LOGO-SUPERIOR.png","contentUrl":"https:\/\/calaconsultores.xyz\/wp-content\/uploads\/2022\/11\/cropped-cropped-CALA-LOGO-SUPERIOR.png","width":418,"height":166,"caption":"CALA Consultores"},"image":{"@id":"https:\/\/calaconsultores.xyz\/#\/schema\/logo\/image\/"}}]}},"_links":{"self":[{"href":"https:\/\/calaconsultores.xyz\/index.php?rest_route=\/wp\/v2\/pages\/3"}],"collection":[{"href":"https:\/\/calaconsultores.xyz\/index.php?rest_route=\/wp\/v2\/pages"}],"about":[{"href":"https:\/\/calaconsultores.xyz\/index.php?rest_route=\/wp\/v2\/types\/page"}],"author":[{"embeddable":true,"href":"https:\/\/calaconsultores.xyz\/index.php?rest_route=\/wp\/v2\/users\/1"}],"replies":[{"embeddable":true,"href":"https:\/\/calaconsultores.xyz\/index.php?rest_route=%2Fwp%2Fv2%2Fcomments&post=3"}],"version-history":[{"count":4,"href":"https:\/\/calaconsultores.xyz\/index.php?rest_route=\/wp\/v2\/pages\/3\/revisions"}],"predecessor-version":[{"id":735,"href":"https:\/\/calaconsultores.xyz\/index.php?rest_route=\/wp\/v2\/pages\/3\/revisions\/735"}],"wp:attachment":[{"href":"https:\/\/calaconsultores.xyz\/index.php?rest_route=%2Fwp%2Fv2%2Fmedia&parent=3"}],"curies":[{"name":"wp","href":"https:\/\/api.w.org\/{rel}","templated":true}]}}