{"id":1031,"date":"2023-01-11T12:04:20","date_gmt":"2023-01-11T18:04:20","guid":{"rendered":"https:\/\/calaconsultores.xyz\/?page_id=1031"},"modified":"2023-02-08T12:52:43","modified_gmt":"2023-02-08T18:52:43","slug":"elementor-1031","status":"publish","type":"page","link":"https:\/\/calaconsultores.xyz\/?page_id=1031","title":{"rendered":"Cotizaci\u00f3n"},"content":{"rendered":"\t\t<div data-elementor-type=\"wp-page\" data-elementor-id=\"1031\" class=\"elementor elementor-1031\" data-elementor-post-type=\"page\">\n\t\t\t\t\t\t\t\t\t<section class=\"elementor-section elementor-top-section elementor-element elementor-element-ca193bc elementor-section-boxed elementor-section-height-default elementor-section-height-default\" data-id=\"ca193bc\" data-element_type=\"section\" data-settings=\"{&quot;background_background&quot;:&quot;classic&quot;}\">\n\t\t\t\t\t\t<div class=\"elementor-container elementor-column-gap-default\">\n\t\t\t\t\t<div class=\"elementor-column elementor-col-100 elementor-top-column elementor-element elementor-element-2d2fc1c\" data-id=\"2d2fc1c\" data-element_type=\"column\">\n\t\t\t<div class=\"elementor-widget-wrap elementor-element-populated\">\n\t\t\t\t\t\t\t\t<div class=\"elementor-element elementor-element-93e3e1f elementor-widget elementor-widget-heading\" data-id=\"93e3e1f\" data-element_type=\"widget\" data-widget_type=\"heading.default\">\n\t\t\t\t<div class=\"elementor-widget-container\">\n\t\t\t<style>\/*! elementor - v3.16.0 - 20-09-2023 *\/\n.elementor-heading-title{padding:0;margin:0;line-height:1}.elementor-widget-heading .elementor-heading-title[class*=elementor-size-]>a{color:inherit;font-size:inherit;line-height:inherit}.elementor-widget-heading .elementor-heading-title.elementor-size-small{font-size:15px}.elementor-widget-heading .elementor-heading-title.elementor-size-medium{font-size:19px}.elementor-widget-heading .elementor-heading-title.elementor-size-large{font-size:29px}.elementor-widget-heading .elementor-heading-title.elementor-size-xl{font-size:39px}.elementor-widget-heading .elementor-heading-title.elementor-size-xxl{font-size:59px}<\/style><h2 class=\"elementor-heading-title elementor-size-default\">Obt\u00e9n tu cotizaci\u00f3n<\/h2>\t\t<\/div>\n\t\t\t\t<\/div>\n\t\t\t\t\t<\/div>\n\t\t<\/div>\n\t\t\t\t\t\t\t<\/div>\n\t\t<\/section>\n\t\t\t\t<section class=\"elementor-section elementor-top-section elementor-element elementor-element-4bf4454 elementor-section-boxed elementor-section-height-default elementor-section-height-default\" data-id=\"4bf4454\" data-element_type=\"section\">\n\t\t\t\t\t\t<div class=\"elementor-container elementor-column-gap-default\">\n\t\t\t\t\t<div class=\"elementor-column elementor-col-100 elementor-top-column elementor-element elementor-element-ced5d06\" data-id=\"ced5d06\" data-element_type=\"column\">\n\t\t\t<div class=\"elementor-widget-wrap elementor-element-populated\">\n\t\t\t\t\t\t\t\t<div class=\"elementor-element elementor-element-09a63fe elementor-widget elementor-widget-heading\" data-id=\"09a63fe\" data-element_type=\"widget\" data-widget_type=\"heading.default\">\n\t\t\t\t<div class=\"elementor-widget-container\">\n\t\t\t<h2 class=\"elementor-heading-title elementor-size-default\">Llena el formulario para obtener tu cotizaci\u00f3n.<\/h2>\t\t<\/div>\n\t\t\t\t<\/div>\n\t\t\t\t\t<\/div>\n\t\t<\/div>\n\t\t\t\t\t\t\t<\/div>\n\t\t<\/section>\n\t\t\t\t<section class=\"elementor-section elementor-top-section elementor-element elementor-element-7312fcb elementor-section-boxed elementor-section-height-default elementor-section-height-default\" data-id=\"7312fcb\" data-element_type=\"section\">\n\t\t\t\t\t\t<div class=\"elementor-container elementor-column-gap-default\">\n\t\t\t\t\t<div class=\"elementor-column elementor-col-100 elementor-top-column elementor-element elementor-element-87f3139\" data-id=\"87f3139\" data-element_type=\"column\">\n\t\t\t<div class=\"elementor-widget-wrap elementor-element-populated\">\n\t\t\t\t\t\t\t\t<div class=\"elementor-element elementor-element-03fe455 elementor-widget elementor-widget-wpforms\" data-id=\"03fe455\" data-element_type=\"widget\" data-widget_type=\"wpforms.default\">\n\t\t\t\t<div class=\"elementor-widget-container\">\n\t\t\t<div class=\"wpforms-container \" id=\"wpforms-5\"><form id=\"wpforms-form-5\" class=\"wpforms-validate wpforms-form\" data-formid=\"5\" method=\"post\" enctype=\"multipart\/form-data\" action=\"\/index.php?rest_route=%2Fwp%2Fv2%2Fpages%2F1031\" data-token=\"ef13c1e28818c15664353ff977cdb7da\"><noscript class=\"wpforms-error-noscript\">Por favor, activa JavaScript en tu navegador para completar este formulario.<\/noscript><div class=\"wpforms-field-container\"><div id=\"wpforms-5-field_0-container\" class=\"wpforms-field wpforms-field-name\" data-field-id=\"0\"><label class=\"wpforms-field-label\" for=\"wpforms-5-field_0\">Nombre o raz\u00f3n social <span class=\"wpforms-required-label\">*<\/span><\/label><input type=\"text\" id=\"wpforms-5-field_0\" class=\"wpforms-field-large wpforms-field-required\" name=\"wpforms[fields][0]\" placeholder=\"Ingresa tu nombre, en caso de empresa tu raz\u00f3n social.\" required><\/div><div id=\"wpforms-5-field_1-container\" class=\"wpforms-field wpforms-field-email\" data-field-id=\"1\"><label class=\"wpforms-field-label\" for=\"wpforms-5-field_1\">Correo electr\u00f3nico <span class=\"wpforms-required-label\">*<\/span><\/label><input type=\"email\" id=\"wpforms-5-field_1\" class=\"wpforms-field-large wpforms-field-required\" name=\"wpforms[fields][1]\" placeholder=\"Ingresa tu email o correo electr\u00f3nico.\" spellcheck=\"false\" required><\/div><div id=\"wpforms-5-field_3-container\" class=\"wpforms-field wpforms-field-number\" data-field-id=\"3\"><label class=\"wpforms-field-label\" for=\"wpforms-5-field_3\">N\u00famero de tel\u00e9fono <span class=\"wpforms-required-label\">*<\/span><\/label><input type=\"number\" pattern=\"\\d*\" id=\"wpforms-5-field_3\" class=\"wpforms-field-large wpforms-field-required\" name=\"wpforms[fields][3]\" placeholder=\"Ingresa tu n\u00famero de tel\u00e9fono.\" required><\/div><div id=\"wpforms-5-field_15-container\" class=\"wpforms-field wpforms-field-radio\" data-field-id=\"15\"><label class=\"wpforms-field-label\" for=\"wpforms-5-field_15\">Pa\u00eds de residencia<\/label><ul id=\"wpforms-5-field_15\"><li class=\"choice-1 depth-1\"><input type=\"radio\" id=\"wpforms-5-field_15_1\" name=\"wpforms[fields][15]\" value=\"M\u00e9xico\"  ><label class=\"wpforms-field-label-inline\" for=\"wpforms-5-field_15_1\">M\u00e9xico<\/label><\/li><li class=\"choice-2 depth-1\"><input type=\"radio\" id=\"wpforms-5-field_15_2\" name=\"wpforms[fields][15]\" value=\"Estados Unidos\"  ><label class=\"wpforms-field-label-inline\" for=\"wpforms-5-field_15_2\">Estados Unidos<\/label><\/li><li class=\"choice-3 depth-1\"><input type=\"radio\" id=\"wpforms-5-field_15_3\" name=\"wpforms[fields][15]\" value=\"Otra\"  ><label class=\"wpforms-field-label-inline\" for=\"wpforms-5-field_15_3\">Otra<\/label><\/li><\/ul><\/div><div id=\"wpforms-5-field_13-container\" class=\"wpforms-field wpforms-field-textarea\" data-field-id=\"13\"><label class=\"wpforms-field-label\" for=\"wpforms-5-field_13\">\u00bfQu\u00e9 servicio es el que necesitas? <span class=\"wpforms-required-label\">*<\/span><\/label><textarea id=\"wpforms-5-field_13\" class=\"wpforms-field-medium wpforms-field-required\" name=\"wpforms[fields][13]\" required><\/textarea><div class=\"wpforms-field-description\">Recuerda que somos un grupo de profesionales formados en M\u00e9xico, por lo que, si los servicios que necesitas son de dicho pa\u00eds, puedes contar con nosotros.<\/div><\/div><\/div><!-- .wpforms-field-container --><div class=\"wpforms-field wpforms-field-hp\"><label for=\"wpforms-5-field-hp\" class=\"wpforms-field-label\">Message<\/label><input type=\"text\" name=\"wpforms[hp]\" id=\"wpforms-5-field-hp\" class=\"wpforms-field-medium\"><\/div><div class=\"wpforms-recaptcha-container wpforms-is-recaptcha\" ><div class=\"g-recaptcha\" data-sitekey=\"6LfVPPgiAAAAAC4SM74zVDkLBITvh6_wlcaWhPon\"><\/div><input type=\"text\" name=\"g-recaptcha-hidden\" class=\"wpforms-recaptcha-hidden\" style=\"position:absolute!important;clip:rect(0,0,0,0)!important;height:1px!important;width:1px!important;border:0!important;overflow:hidden!important;padding:0!important;margin:0!important;\" data-rule-recaptcha=\"1\"><\/div><div class=\"wpforms-submit-container\" ><input type=\"hidden\" name=\"wpforms[id]\" value=\"5\"><input type=\"hidden\" name=\"wpforms[author]\" value=\"1\"><button type=\"submit\" name=\"wpforms[submit]\" id=\"wpforms-submit-5\" class=\"wpforms-submit\" data-alt-text=\"Enviando...\" data-submit-text=\"Obt\u00e9n una cotizaci\u00f3n\" aria-live=\"assertive\" value=\"wpforms-submit\">Obt\u00e9n una cotizaci\u00f3n<\/button><\/div><\/form><\/div>  <!-- .wpforms-container -->\t\t<\/div>\n\t\t\t\t<\/div>\n\t\t\t\t\t<\/div>\n\t\t<\/div>\n\t\t\t\t\t\t\t<\/div>\n\t\t<\/section>\n\t\t\t\t\t\t\t<\/div>\n\t\t","protected":false},"excerpt":{"rendered":"<p>Obt\u00e9n tu cotizaci\u00f3n Llena el formulario para obtener tu cotizaci\u00f3n.<\/p>\n","protected":false},"author":1,"featured_media":0,"parent":0,"menu_order":0,"comment_status":"closed","ping_status":"closed","template":"elementor_theme","meta":{"om_disable_all_campaigns":false,"_mi_skip_tracking":false,"_monsterinsights_sitenote_active":false,"_monsterinsights_sitenote_note":"","_monsterinsights_sitenote_category":0,"site-sidebar-layout":"no-sidebar","site-content-layout":"page-builder","ast-site-content-layout":"","site-content-style":"default","site-sidebar-style":"default","ast-global-header-display":"","ast-banner-title-visibility":"","ast-main-header-display":"","ast-hfb-above-header-display":"","ast-hfb-below-header-display":"","ast-hfb-mobile-header-display":"","site-post-title":"disabled","ast-breadcrumbs-content":"","ast-featured-img":"disabled","footer-sml-layout":"","theme-transparent-header-meta":"","adv-header-id-meta":"","stick-header-meta":"","header-above-stick-meta":"","header-main-stick-meta":"","header-below-stick-meta":"","astra-migrate-meta-layouts":"","footnotes":""},"yoast_head":"<!-- This site is optimized with the Yoast SEO plugin v21.2 - https:\/\/yoast.com\/wordpress\/plugins\/seo\/ -->\n<title>Cotizaci\u00f3n - CALA Consultores<\/title>\n<meta name=\"robots\" content=\"index, follow, max-snippet:-1, max-image-preview:large, max-video-preview:-1\" \/>\n<link rel=\"canonical\" href=\"https:\/\/calaconsultores.xyz\/?page_id=1031\" \/>\n<meta property=\"og:locale\" content=\"es_MX\" \/>\n<meta property=\"og:type\" content=\"article\" \/>\n<meta property=\"og:title\" content=\"Cotizaci\u00f3n - CALA Consultores\" \/>\n<meta property=\"og:description\" content=\"Obt\u00e9n tu cotizaci\u00f3n Llena el formulario para obtener tu cotizaci\u00f3n.\" \/>\n<meta property=\"og:url\" content=\"https:\/\/calaconsultores.xyz\/?page_id=1031\" \/>\n<meta property=\"og:site_name\" content=\"CALA Consultores\" \/>\n<meta property=\"article:modified_time\" content=\"2023-02-08T18:52:43+00:00\" \/>\n<meta name=\"twitter:card\" content=\"summary_large_image\" \/>\n<script type=\"application\/ld+json\" class=\"yoast-schema-graph\">{\"@context\":\"https:\/\/schema.org\",\"@graph\":[{\"@type\":\"WebPage\",\"@id\":\"https:\/\/calaconsultores.xyz\/?page_id=1031\",\"url\":\"https:\/\/calaconsultores.xyz\/?page_id=1031\",\"name\":\"Cotizaci\u00f3n - CALA Consultores\",\"isPartOf\":{\"@id\":\"https:\/\/calaconsultores.xyz\/#website\"},\"datePublished\":\"2023-01-11T18:04:20+00:00\",\"dateModified\":\"2023-02-08T18:52:43+00:00\",\"breadcrumb\":{\"@id\":\"https:\/\/calaconsultores.xyz\/?page_id=1031#breadcrumb\"},\"inLanguage\":\"es-MX\",\"potentialAction\":[{\"@type\":\"ReadAction\",\"target\":[\"https:\/\/calaconsultores.xyz\/?page_id=1031\"]}]},{\"@type\":\"BreadcrumbList\",\"@id\":\"https:\/\/calaconsultores.xyz\/?page_id=1031#breadcrumb\",\"itemListElement\":[{\"@type\":\"ListItem\",\"position\":1,\"name\":\"Inicio\",\"item\":\"https:\/\/calaconsultores.xyz\/\"},{\"@type\":\"ListItem\",\"position\":2,\"name\":\"Cotizaci\u00f3n\"}]},{\"@type\":\"WebSite\",\"@id\":\"https:\/\/calaconsultores.xyz\/#website\",\"url\":\"https:\/\/calaconsultores.xyz\/\",\"name\":\"CALA Consultores\",\"description\":\"Hacemos las cosas diferentes.\",\"publisher\":{\"@id\":\"https:\/\/calaconsultores.xyz\/#organization\"},\"potentialAction\":[{\"@type\":\"SearchAction\",\"target\":{\"@type\":\"EntryPoint\",\"urlTemplate\":\"https:\/\/calaconsultores.xyz\/?s={search_term_string}\"},\"query-input\":\"required name=search_term_string\"}],\"inLanguage\":\"es-MX\"},{\"@type\":\"Organization\",\"@id\":\"https:\/\/calaconsultores.xyz\/#organization\",\"name\":\"CALA Consultores\",\"url\":\"https:\/\/calaconsultores.xyz\/\",\"logo\":{\"@type\":\"ImageObject\",\"inLanguage\":\"es-MX\",\"@id\":\"https:\/\/calaconsultores.xyz\/#\/schema\/logo\/image\/\",\"url\":\"https:\/\/calaconsultores.xyz\/wp-content\/uploads\/2022\/11\/cropped-cropped-CALA-LOGO-SUPERIOR.png\",\"contentUrl\":\"https:\/\/calaconsultores.xyz\/wp-content\/uploads\/2022\/11\/cropped-cropped-CALA-LOGO-SUPERIOR.png\",\"width\":418,\"height\":166,\"caption\":\"CALA Consultores\"},\"image\":{\"@id\":\"https:\/\/calaconsultores.xyz\/#\/schema\/logo\/image\/\"}}]}<\/script>\n<!-- \/ Yoast SEO plugin. -->","yoast_head_json":{"title":"Cotizaci\u00f3n - CALA Consultores","robots":{"index":"index","follow":"follow","max-snippet":"max-snippet:-1","max-image-preview":"max-image-preview:large","max-video-preview":"max-video-preview:-1"},"canonical":"https:\/\/calaconsultores.xyz\/?page_id=1031","og_locale":"es_MX","og_type":"article","og_title":"Cotizaci\u00f3n - CALA Consultores","og_description":"Obt\u00e9n tu cotizaci\u00f3n Llena el formulario para obtener tu cotizaci\u00f3n.","og_url":"https:\/\/calaconsultores.xyz\/?page_id=1031","og_site_name":"CALA Consultores","article_modified_time":"2023-02-08T18:52:43+00:00","twitter_card":"summary_large_image","schema":{"@context":"https:\/\/schema.org","@graph":[{"@type":"WebPage","@id":"https:\/\/calaconsultores.xyz\/?page_id=1031","url":"https:\/\/calaconsultores.xyz\/?page_id=1031","name":"Cotizaci\u00f3n - CALA Consultores","isPartOf":{"@id":"https:\/\/calaconsultores.xyz\/#website"},"datePublished":"2023-01-11T18:04:20+00:00","dateModified":"2023-02-08T18:52:43+00:00","breadcrumb":{"@id":"https:\/\/calaconsultores.xyz\/?page_id=1031#breadcrumb"},"inLanguage":"es-MX","potentialAction":[{"@type":"ReadAction","target":["https:\/\/calaconsultores.xyz\/?page_id=1031"]}]},{"@type":"BreadcrumbList","@id":"https:\/\/calaconsultores.xyz\/?page_id=1031#breadcrumb","itemListElement":[{"@type":"ListItem","position":1,"name":"Inicio","item":"https:\/\/calaconsultores.xyz\/"},{"@type":"ListItem","position":2,"name":"Cotizaci\u00f3n"}]},{"@type":"WebSite","@id":"https:\/\/calaconsultores.xyz\/#website","url":"https:\/\/calaconsultores.xyz\/","name":"CALA Consultores","description":"Hacemos las cosas diferentes.","publisher":{"@id":"https:\/\/calaconsultores.xyz\/#organization"},"potentialAction":[{"@type":"SearchAction","target":{"@type":"EntryPoint","urlTemplate":"https:\/\/calaconsultores.xyz\/?s={search_term_string}"},"query-input":"required name=search_term_string"}],"inLanguage":"es-MX"},{"@type":"Organization","@id":"https:\/\/calaconsultores.xyz\/#organization","name":"CALA Consultores","url":"https:\/\/calaconsultores.xyz\/","logo":{"@type":"ImageObject","inLanguage":"es-MX","@id":"https:\/\/calaconsultores.xyz\/#\/schema\/logo\/image\/","url":"https:\/\/calaconsultores.xyz\/wp-content\/uploads\/2022\/11\/cropped-cropped-CALA-LOGO-SUPERIOR.png","contentUrl":"https:\/\/calaconsultores.xyz\/wp-content\/uploads\/2022\/11\/cropped-cropped-CALA-LOGO-SUPERIOR.png","width":418,"height":166,"caption":"CALA Consultores"},"image":{"@id":"https:\/\/calaconsultores.xyz\/#\/schema\/logo\/image\/"}}]}},"_links":{"self":[{"href":"https:\/\/calaconsultores.xyz\/index.php?rest_route=\/wp\/v2\/pages\/1031"}],"collection":[{"href":"https:\/\/calaconsultores.xyz\/index.php?rest_route=\/wp\/v2\/pages"}],"about":[{"href":"https:\/\/calaconsultores.xyz\/index.php?rest_route=\/wp\/v2\/types\/page"}],"author":[{"embeddable":true,"href":"https:\/\/calaconsultores.xyz\/index.php?rest_route=\/wp\/v2\/users\/1"}],"replies":[{"embeddable":true,"href":"https:\/\/calaconsultores.xyz\/index.php?rest_route=%2Fwp%2Fv2%2Fcomments&post=1031"}],"version-history":[{"count":11,"href":"https:\/\/calaconsultores.xyz\/index.php?rest_route=\/wp\/v2\/pages\/1031\/revisions"}],"predecessor-version":[{"id":1150,"href":"https:\/\/calaconsultores.xyz\/index.php?rest_route=\/wp\/v2\/pages\/1031\/revisions\/1150"}],"wp:attachment":[{"href":"https:\/\/calaconsultores.xyz\/index.php?rest_route=%2Fwp%2Fv2%2Fmedia&parent=1031"}],"curies":[{"name":"wp","href":"https:\/\/api.w.org\/{rel}","templated":true}]}}